{"id":5649043,"date":"2017-10-18T10:40:07","date_gmt":"2017-10-18T10:40:07","guid":{"rendered":"http:\/\/norebro.colabr.io\/demo5\/?page_id=12925"},"modified":"2021-05-05T15:00:06","modified_gmt":"2021-05-05T15:00:06","slug":"we-want-you","status":"publish","type":"page","link":"https:\/\/www.mgifisogest.lu\/FR\/we-want-you\/","title":{"rendered":"EMPLOI"},"content":{"rendered":"[vc_row css_animation=\u00a0\u00bbfadeInUp\u00a0\u00bb css=\u00a0\u00bb.vc_custom_1580720177583{background: #ffffff url(https:\/\/www.mgifisogest.lu\/FR\/wp-content\/uploads\/2020\/02\/3270764.jpg?id=5671726) !important;background-position: center !important;background-repeat: no-repeat !important;background-size: cover !important;}\u00a0\u00bb][vc_column][vc_empty_space height=\u00a0\u00bb90px\u00a0\u00bb el_class=\u00a0\u00bbnorebro-phone-space\u00a0\u00bb]<div class=\"norebro-split-box-sc split-box\" \nid=\"norebro-custom-69ebd0ca2579c\" \ndata-parallax-right=\"vertical\"data-parallax-speed-right=\"0.5\">\n\n\t<div class=\"vc_col-md-6 split-box-wrap\">\n\t<div class=\"parallax-bg\"><\/div>\n\t<div class=\"content\">\n\t\t[vc_row_inner css=\u00a0\u00bb.vc_custom_1503469749898{background-color: rgba(255,255,255,0.9) !important;*background-color: rgb(255,255,255) !important;}\u00a0\u00bb][vc_column_inner css=\u00a0\u00bb.vc_custom_1503470388856{padding-right: 12% !important;padding-left: 12% !important;}\u00a0\u00bb][vc_empty_space height=\u00a0\u00bb60px\u00a0\u00bb]<div class=\"norebro-heading-sc heading text-left\"\n\tid=\"norebro-custom-69ebd0ca25caf\" \n\t \n\t>\n\t\n\t\t\t<p class=\"subtitle\">\n\t\t\tPrenez l'opportunit\u00e9\t\t<\/p>\n\t\n\t\n\t<h3 class=\"title subtitle-top\">\n\t\tDevenez membre d'une entreprise locale\t<\/h3>\n\n\t\n\t\t\n<\/div>[vc_empty_space height=\u00a0\u00bb20px\u00a0\u00bb]<div class=\"norebro-text-sc \" \n\tid=\"norebro-custom-69ebd0ca25faa\" \n\t \n\t>\n\n\t<p>Si vous d\u00e9sirez faire partie de MGI Fisogest et si vous pensez \u00eatre un atout pour notre \u00e9quipe, n&rsquo;h\u00e9sitez pas \u00e0 envoyer votre CV et une lettre de motivation \u00e0 <a href=\"mailto:hr@mgifisogest.lu\">hr@mgifisogest.lu<\/a>.<\/p>\n\t\n<\/div>[vc_empty_space height=\u00a0\u00bb25px\u00a0\u00bb]<div class=\"norebro-button-sc btn-wrap text-left\" \n\tid=\"norebro-custom-69ebd0ca26262\"\n\t \n\t>\n\n\t<a href=\"mailto:hr@mgifisogest.lu\" target=\"_blank\" \n\t\tclass=\"btn \">\n\n\t\t\n\t\t<span class=\"text\">\n\t\t\tSend your CV\t\t<\/span>\n\n\t\t\t\t\t<span class=\"icon ion-android-arrow-forward\"><\/span>\n\t\t\n\t\t\t<\/a>\n\n<\/div>[vc_empty_space height=\u00a0\u00bb60px\u00a0\u00bb][\/vc_column_inner][\/vc_row_inner]\t<\/div>\n<\/div><div class=\"vc_col-md-6 split-box-wrap\">\n\t<div class=\"parallax-bg\"><\/div>\n\t<div class=\"content\">\n\t\t\t<\/div>\n<\/div>\t\n\n<\/div>[vc_empty_space height=\u00a0\u00bb90px\u00a0\u00bb el_class=\u00a0\u00bbnorebro-phone-space\u00a0\u00bb][\/vc_column][\/vc_row][vc_row css=\u00a0\u00bb.vc_custom_1580720267257{background-image: url(https:\/\/www.mgifisogest.lu\/FR\/wp-content\/uploads\/2020\/02\/background_6.png?id=5671639) !important;}\u00a0\u00bb][vc_column width=\u00a0\u00bb1\/4&Prime;][vc_empty_space height=\u00a0\u00bb70px\u00a0\u00bb]<div class=\"norebro-heading-sc heading text-left\"\n\tid=\"norebro-custom-69ebd0ca26563\" \n\t data-aos=\"fade-up\" \n\t data-aos-duration=\"1000\">\n\t\n\t\t\t<p class=\"subtitle\">\n\t\t\tNous sommes constamment \u00e0 la recherche de nouveaux talents\t\t<\/p>\n\t\n\t\n\t<h3 class=\"title subtitle-top\">\n\t\tVenez rejoindre<span style=\"color: #2151a4\"> notre \u00e9quipe<\/span>\t<\/h3>\n\n\t\n\t\t\n<\/div>[vc_empty_space height=\u00a0\u00bb20px\u00a0\u00bb]<div class=\"norebro-text-sc \" \n\tid=\"norebro-custom-69ebd0ca265fb\" \n\t data-aos=\"fade-up\" \n\t data-aos-duration=\"1000\">\n\n\t<p style=\"text-align: left;\">Nous sommes <strong>constamment<\/strong> \u00e0 la recherche de nouveaux employ\u00e9s motiv\u00e9s et dynamiques qui veulent se d\u00e9velopper et faire progresser notre entreprise.<\/p>\n<p style=\"text-align: left;\">Qu&rsquo;il s&rsquo;agisse de <strong>notre salle de sport<\/strong>, accessible \u00e0 tout moment, de notre grande <strong>cuisine \u00e9quip\u00e9e d&rsquo;un baby-foot<\/strong> et d&rsquo;un<strong> jeu de fl\u00e9chettes,<\/strong> ou des activit\u00e9s internes communes, mgiFisogest offre \u00e0 ses employ\u00e9s <strong>plus qu&rsquo;un simple emploi<\/strong>.<\/p>\n\t\n<\/div>[vc_empty_space height=\u00a0\u00bb70px\u00a0\u00bb][\/vc_column][vc_column width=\u00a0\u00bb1\/4&Prime;][vc_empty_space height=\u00a0\u00bb70px\u00a0\u00bb][vc_row_inner css=\u00a0\u00bb.vc_custom_1503413951661{border-right-width: 1px !important;border-right-color: #ebebeb !important;border-right-style: solid !important;}\u00a0\u00bb][vc_column_inner css=\u00a0\u00bb.vc_custom_1503414008365{padding-top: 0px !important;padding-right: 18% !important;padding-left: 18% !important;}\u00a0\u00bb]<div class=\"norebro-icon-box-sc icon-box text-`{`object Object`}`\" \n\tid=\"norebro-custom-69ebd0ca27015\" \n\t \n\t>\n\n\t<div class=\"icon-wrap\">\n\t\t\t\t\t\t\t\t\t<img decoding=\"async\" src=\"https:\/\/www.mgifisogest.lu\/FR\/wp-content\/uploads\/2020\/02\/corporate_services.png\" alt=\"Corporate\">\n\t\t\t\t\t\t<\/div>\n\n\t<div class=\"content-wrap\">\n\n\t\t<div class=\"content-center with-full\">\n\t\t\t<div class=\"wrap\">\n\t\t\t\t<h3>Corporate<\/h3>\n\t\t\t\t\t\t\t<\/div>\n\t\t<\/div>\n\t\t\n\t\t\t<\/div>\n\t\t\n\t\t<p class=\"description content-full\">\n\t\t\tG\u00e9rer les aspects juridiques de nos clients.\t\t<\/p>\n\n\t\t\n\t\t\n<\/div>[vc_empty_space height=\u00a0\u00bb155px\u00a0\u00bb]<div class=\"norebro-icon-box-sc icon-box text-`{`object Object`}`\" \n\tid=\"norebro-custom-69ebd0ca27ab4\" \n\t \n\t>\n\n\t<div class=\"icon-wrap\">\n\t\t\t\t\t\t\t\t\t<img decoding=\"async\" src=\"https:\/\/www.mgifisogest.lu\/FR\/wp-content\/uploads\/2020\/01\/icon_accounting-1.png\" alt=\"Comptabilit\u00e9\">\n\t\t\t\t\t\t<\/div>\n\n\t<div class=\"content-wrap\">\n\n\t\t<div class=\"content-center with-full\">\n\t\t\t<div class=\"wrap\">\n\t\t\t\t<h3>Comptabilit\u00e9<\/h3>\n\t\t\t\t\t\t\t<\/div>\n\t\t<\/div>\n\t\t\n\t\t\t<\/div>\n\t\t\n\t\t<p class=\"description content-full\">\n\t\t\tLes responsabilit\u00e9s comprennent l'analyse des donn\u00e9es, des rapports financiers, des budgets, des d\u00e9clarations fiscales et des registres comptables.\t\t<\/p>\n\n\t\t\n\t\t\n<\/div>[\/vc_column_inner][\/vc_row_inner][vc_empty_space height=\u00a0\u00bb70px\u00a0\u00bb][\/vc_column][vc_column width=\u00a0\u00bb1\/4&Prime;][vc_empty_space height=\u00a0\u00bb70px\u00a0\u00bb][vc_row_inner css=\u00a0\u00bb.vc_custom_1503413951661{border-right-width: 1px !important;border-right-color: #ebebeb !important;border-right-style: solid !important;}\u00a0\u00bb][vc_column_inner css=\u00a0\u00bb.vc_custom_1503414008365{padding-top: 0px !important;padding-right: 18% !important;padding-left: 18% !important;}\u00a0\u00bb]<div class=\"norebro-icon-box-sc icon-box text-`{`object Object`}`\" \n\tid=\"norebro-custom-69ebd0ca280cd\" \n\t \n\t>\n\n\t<div class=\"icon-wrap\">\n\t\t\t\t\t\t\t\t\t<img decoding=\"async\" src=\"https:\/\/www.mgifisogest.lu\/FR\/wp-content\/uploads\/2020\/01\/icon_consulting.png\" alt=\"Consulting\">\n\t\t\t\t\t\t<\/div>\n\n\t<div class=\"content-wrap\">\n\n\t\t<div class=\"content-center with-full\">\n\t\t\t<div class=\"wrap\">\n\t\t\t\t<h3>Consulting<\/h3>\n\t\t\t\t\t\t\t<\/div>\n\t\t<\/div>\n\t\t\n\t\t\t<\/div>\n\t\t\n\t\t<p class=\"description content-full\">\n\t\t\tAnalyser les entreprises, d\u00e9terminer les difficult\u00e9s et recommander des strat\u00e9gies et des solutions appropri\u00e9es.\t\t<\/p>\n\n\t\t\n\t\t\n<\/div>[vc_empty_space height=\u00a0\u00bb70px\u00a0\u00bb]<div class=\"norebro-icon-box-sc icon-box text-`{`object Object`}`\" \n\tid=\"norebro-custom-69ebd0ca28579\" \n\t \n\t>\n\n\t<div class=\"icon-wrap\">\n\t\t\t\t\t\t\t\t\t<img decoding=\"async\" src=\"https:\/\/www.mgifisogest.lu\/FR\/wp-content\/uploads\/2020\/01\/icon_payroll.png\" alt=\"Salaires\">\n\t\t\t\t\t\t<\/div>\n\n\t<div class=\"content-wrap\">\n\n\t\t<div class=\"content-center with-full\">\n\t\t\t<div class=\"wrap\">\n\t\t\t\t<h3>Salaires<\/h3>\n\t\t\t\t\t\t\t<\/div>\n\t\t<\/div>\n\t\t\n\t\t\t<\/div>\n\t\t\n\t\t<p class=\"description content-full\">\n\t\t\tNotre service de payroll permet de r\u00e9pondre \u00e0 toutes les pr\u00e9occupations de nos clients concernant leurs employ\u00e9s, la s\u00e9curit\u00e9 sociale, l'imp\u00f4t sur le revenu, ...\t\t<\/p>\n\n\t\t\n\t\t\n<\/div>[\/vc_column_inner][\/vc_row_inner][vc_empty_space height=\u00a0\u00bb70px\u00a0\u00bb][\/vc_column][vc_column width=\u00a0\u00bb1\/4&Prime;][vc_empty_space height=\u00a0\u00bb70px\u00a0\u00bb][vc_row_inner css=\u00a0\u00bb.vc_custom_1503413951661{border-right-width: 1px !important;border-right-color: #ebebeb !important;border-right-style: solid !important;}\u00a0\u00bb][vc_column_inner css=\u00a0\u00bb.vc_custom_1503414008365{padding-top: 0px !important;padding-right: 18% !important;padding-left: 18% !important;}\u00a0\u00bb]<div class=\"norebro-icon-box-sc icon-box text-`{`object Object`}`\" \n\tid=\"norebro-custom-69ebd0ca28a42\" \n\t \n\t>\n\n\t<div class=\"icon-wrap\">\n\t\t\t\t\t\t\t\t\t<img decoding=\"async\" src=\"https:\/\/www.mgifisogest.lu\/FR\/wp-content\/uploads\/2020\/02\/mgi_wordlwide.png\" alt=\"Administration\">\n\t\t\t\t\t\t<\/div>\n\n\t<div class=\"content-wrap\">\n\n\t\t<div class=\"content-center with-full\">\n\t\t\t<div class=\"wrap\">\n\t\t\t\t<h3>Administration<\/h3>\n\t\t\t\t\t\t\t<\/div>\n\t\t<\/div>\n\t\t\n\t\t\t<\/div>\n\t\t\n\t\t<p class=\"description content-full\">\n\t\t\tUn administrateur fournit un soutien administratif et de gestion \u00e0 une \u00e9quipe ou \u00e0 un individu.\t\t<\/p>\n\n\t\t\n\t\t\n<\/div>[\/vc_column_inner][\/vc_row_inner][vc_empty_space height=\u00a0\u00bb92px\u00a0\u00bb]<div class=\"norebro-icon-box-sc icon-box text-center\" \n\tid=\"norebro-custom-69ebd0ca28ecd\" \n\t \n\t>\n\n\t<div class=\"icon-wrap\">\n\t\t\t\t\t\t\t\t\t<img decoding=\"async\" src=\"https:\/\/www.mgifisogest.lu\/FR\/wp-content\/uploads\/2020\/01\/test6.png\" alt=\"Fiscalit\u00e9\">\n\t\t\t\t\t\t<\/div>\n\n\t<div class=\"content-wrap\">\n\n\t\t<div class=\"content-center with-full\">\n\t\t\t<div class=\"wrap\">\n\t\t\t\t<h3>Fiscalit\u00e9<\/h3>\n\t\t\t\t\t\t\t<\/div>\n\t\t<\/div>\n\t\t\n\t\t\t<\/div>\n\t\t\n\t\t<p class=\"description content-full\">\n\t\t\tConseil sur toutes les mati\u00e8res fiscales pour l'optimisation des structures d'entreprise de nos clients.\t\t<\/p>\n\n\t\t\n\t\t\n<\/div>[vc_empty_space height=\u00a0\u00bb70px\u00a0\u00bb][\/vc_column][\/vc_row][vc_row full_width=\u00a0\u00bbstretch_row\u00a0\u00bb css=\u00a0\u00bb.vc_custom_1580719828254{background-color: #0a0a0a !important;}\u00a0\u00bb][vc_column css=\u00a0\u00bb.vc_custom_1618256078438{padding-bottom: 35px !important;}\u00a0\u00bb]<div class=\"norebro-cta-sc call-to-action\"\n\tid=\"norebro-custom-69ebd0ca28fa9\"\n\t \n\t>\n\n\t<div class=\"content-center\">\n\t\t<div class=\"wrap\">\n\t\t\t<h3 class=\"title\">\n\t\t\t\tVous souhaitez en savoir plus\t\t\t<\/h3>\n\t\t\t\t\t\t\t<p class=\"subtitle\">\n\t\t\t\t\tNous sommes \u00e0 votre service!\t\t\t\t<\/p>\n\t\t\t\t\t<\/div>\n\n\t\t<div class=\"wrap\">\n\t\t\t<a href=\"https:\/\/www.mgifisogest.lu\/FR\/contact\/\" \n\t\t\tclass=\"btn btn-white\">\n\t\t\t\t\t\t\t\t\n\t\t\t\t<span class=\"text\">Contact us!<\/span>\n\t\t\t\t\n\t\t\t\t\t\t\t\t\t<span class=\"icon ion-android-arrow-forward\"><\/span>\n\t\t\t\t\t\t\t<\/a>\n\t\t<\/div>\n\t<\/div>\n\n<\/div>[\/vc_column][\/vc_row][vc_row][vc_column][vc_empty_space height=\u00a0\u00bb90px\u00a0\u00bb el_class=\u00a0\u00bbnorebro-phone-space\u00a0\u00bb]<div class=\"norebro-heading-sc heading text-center\"\n\tid=\"norebro-custom-69ebd0ca29230\" \n\t \n\t>\n\t\n\t\t\t<p class=\"subtitle\">\n\t\t\tTake a look around\t\t<\/p>\n\t\n\t\n\t<h3 class=\"title subtitle-top\">\n\t\tBienvenue chez MGI Fisogest\t<\/h3>\n\n\t\n\t\t\n<\/div>[vc_empty_space height=\u00a0\u00bb90px\u00a0\u00bb el_class=\u00a0\u00bbnorebro-phone-space\u00a0\u00bb]<div class=\"norebro-gallery-sc gallery-wrap\"\n\tid=\"norebro-custom-images-69ebd0ca2c766\"\n\tdata-gallery=\"norebro-custom-69ebd0ca2c765\"\n\t\t>\n\n\t\n\t<div class=\"vc_row norebro-masonry\" data-lazy-container=\"true\">\n\n\t\t\t<div class=\" vc_col-lg-3 vc_col-md-4 vc_col-sm-6 vc_col-xs-12 masonry-block grid-item gallery-image\" data-gallery-item=\"0\" data-lazy-item=\"true\">\n\t\t<div class=\"wrap\">\n\t\t\t\t\t\t\t<img decoding=\"async\" class=\"gimg\" src=\"https:\/\/www.mgifisogest.lu\/FR\/wp-content\/uploads\/2020\/02\/fisogest-216.jpg\" alt=\"MGI Fisogest gym\">\n\t\t\t\t\t\t<div class=\"overlay with-title\">\n\t\t\t\t<div class=\"content-center text-center\">\n\t\t\t\t\t<div class=\"wrap\">\n\t\t\t\t\t\t<h4 class=\"inline\">\n\t\t\t\t\t\t\t\t\t\t\t\t\t\t\t\t\t\t\t\t\t\t\t\t\t<\/h4>\n\t\t\t\t\t\t<div class=\"icon inline ion-ios-plus-empty\"><\/div>\n\t\t\t\t\t<\/div>\n\t\t\t\t<\/div>\n\t\t\t<\/div>\n\t\t\t<div class=\"gallery-description\">\n\t\t\t\t<h3 class=\"title\"><\/h3>\n\t\t\t\t<p class=\"subtitle small\">\n\t\t\t\t\t\t\t\t\t<\/p>\n\t\t\t<\/div>\n\t\t<\/div>\n\t<\/div>\n\t\t\t<div class=\" vc_col-lg-3 vc_col-md-4 vc_col-sm-6 vc_col-xs-12 masonry-block grid-item gallery-image\" data-gallery-item=\"1\" data-lazy-item=\"true\">\n\t\t<div class=\"wrap\">\n\t\t\t\t\t\t\t<img decoding=\"async\" class=\"gimg\" src=\"https:\/\/www.mgifisogest.lu\/FR\/wp-content\/uploads\/2020\/02\/IMG_1644.jpg\" alt=\"MGI Fisogest gym\">\n\t\t\t\t\t\t<div class=\"overlay with-title\">\n\t\t\t\t<div class=\"content-center text-center\">\n\t\t\t\t\t<div class=\"wrap\">\n\t\t\t\t\t\t<h4 class=\"inline\">\n\t\t\t\t\t\t\t\t\t\t\t\t\t\t\t\t\t\t\t\t\t\t\t\t\t<\/h4>\n\t\t\t\t\t\t<div class=\"icon inline ion-ios-plus-empty\"><\/div>\n\t\t\t\t\t<\/div>\n\t\t\t\t<\/div>\n\t\t\t<\/div>\n\t\t\t<div class=\"gallery-description\">\n\t\t\t\t<h3 class=\"title\"><\/h3>\n\t\t\t\t<p class=\"subtitle small\">\n\t\t\t\t\t\t\t\t\t<\/p>\n\t\t\t<\/div>\n\t\t<\/div>\n\t<\/div>\n\t\t\t<div class=\" vc_col-lg-3 vc_col-md-4 vc_col-sm-6 vc_col-xs-12 masonry-block grid-item gallery-image\" data-gallery-item=\"2\" data-lazy-item=\"true\">\n\t\t<div class=\"wrap\">\n\t\t\t\t\t\t\t<img decoding=\"async\" class=\"gimg\" src=\"https:\/\/www.mgifisogest.lu\/FR\/wp-content\/uploads\/2020\/02\/dane-deaner-iJ1lw8iNIy8-unsplash.jpg\" alt=\"MGI Fisogest Office\">\n\t\t\t\t\t\t<div class=\"overlay with-title\">\n\t\t\t\t<div class=\"content-center text-center\">\n\t\t\t\t\t<div class=\"wrap\">\n\t\t\t\t\t\t<h4 class=\"inline\">\n\t\t\t\t\t\t\t\t\t\t\t\t\t\t\t\t\t\t\t\t\t\t\t\t\t<\/h4>\n\t\t\t\t\t\t<div class=\"icon inline ion-ios-plus-empty\"><\/div>\n\t\t\t\t\t<\/div>\n\t\t\t\t<\/div>\n\t\t\t<\/div>\n\t\t\t<div class=\"gallery-description\">\n\t\t\t\t<h3 class=\"title\"><\/h3>\n\t\t\t\t<p class=\"subtitle small\">\n\t\t\t\t\t\t\t\t\t<\/p>\n\t\t\t<\/div>\n\t\t<\/div>\n\t<\/div>\n\t\t\t<div class=\" vc_col-lg-3 vc_col-md-4 vc_col-sm-6 vc_col-xs-12 masonry-block grid-item gallery-image\" data-gallery-item=\"3\" data-lazy-item=\"true\">\n\t\t<div class=\"wrap\">\n\t\t\t\t\t\t\t<img decoding=\"async\" class=\"gimg\" src=\"https:\/\/www.mgifisogest.lu\/FR\/wp-content\/uploads\/2020\/02\/DSC_3749.jpg\" alt=\"mgi fisogest office luxembourg terrace\">\n\t\t\t\t\t\t<div class=\"overlay with-title\">\n\t\t\t\t<div class=\"content-center text-center\">\n\t\t\t\t\t<div class=\"wrap\">\n\t\t\t\t\t\t<h4 class=\"inline\">\n\t\t\t\t\t\t\t\t\t\t\t\t\t\t\t\t\t\t\t\t\t\t\t\t\t<\/h4>\n\t\t\t\t\t\t<div class=\"icon inline ion-ios-plus-empty\"><\/div>\n\t\t\t\t\t<\/div>\n\t\t\t\t<\/div>\n\t\t\t<\/div>\n\t\t\t<div class=\"gallery-description\">\n\t\t\t\t<h3 class=\"title\"><\/h3>\n\t\t\t\t<p class=\"subtitle small\">\n\t\t\t\t\t\t\t\t\t<\/p>\n\t\t\t<\/div>\n\t\t<\/div>\n\t<\/div>\n\t\t\t<div class=\" vc_col-lg-3 vc_col-md-4 vc_col-sm-6 vc_col-xs-12 masonry-block grid-item gallery-image\" data-gallery-item=\"4\" data-lazy-item=\"true\">\n\t\t<div class=\"wrap\">\n\t\t\t\t\t\t\t<img decoding=\"async\" class=\"gimg\" src=\"https:\/\/www.mgifisogest.lu\/FR\/wp-content\/uploads\/2020\/02\/DSC_3753.jpg\" alt=\"mgi fisogest office luxembourg accueil\">\n\t\t\t\t\t\t<div class=\"overlay with-title\">\n\t\t\t\t<div class=\"content-center text-center\">\n\t\t\t\t\t<div class=\"wrap\">\n\t\t\t\t\t\t<h4 class=\"inline\">\n\t\t\t\t\t\t\t\t\t\t\t\t\t\t\t\t\t\t\t\t\t\t\t\t\t<\/h4>\n\t\t\t\t\t\t<div class=\"icon inline ion-ios-plus-empty\"><\/div>\n\t\t\t\t\t<\/div>\n\t\t\t\t<\/div>\n\t\t\t<\/div>\n\t\t\t<div class=\"gallery-description\">\n\t\t\t\t<h3 class=\"title\"><\/h3>\n\t\t\t\t<p class=\"subtitle small\">\n\t\t\t\t\t\t\t\t\t<\/p>\n\t\t\t<\/div>\n\t\t<\/div>\n\t<\/div>\n\t\t\t<div class=\" vc_col-lg-3 vc_col-md-4 vc_col-sm-6 vc_col-xs-12 masonry-block grid-item gallery-image\" data-gallery-item=\"5\" data-lazy-item=\"true\">\n\t\t<div class=\"wrap\">\n\t\t\t\t\t\t\t<img decoding=\"async\" class=\"gimg\" src=\"https:\/\/www.mgifisogest.lu\/FR\/wp-content\/uploads\/2020\/02\/DSC_3824.jpg\" alt=\"mgi fisogest office luxembourg accueil\">\n\t\t\t\t\t\t<div class=\"overlay with-title\">\n\t\t\t\t<div class=\"content-center text-center\">\n\t\t\t\t\t<div class=\"wrap\">\n\t\t\t\t\t\t<h4 class=\"inline\">\n\t\t\t\t\t\t\t\t\t\t\t\t\t\t\t\t\t\t\t\t\t\t\t\t\t<\/h4>\n\t\t\t\t\t\t<div class=\"icon inline ion-ios-plus-empty\"><\/div>\n\t\t\t\t\t<\/div>\n\t\t\t\t<\/div>\n\t\t\t<\/div>\n\t\t\t<div class=\"gallery-description\">\n\t\t\t\t<h3 class=\"title\"><\/h3>\n\t\t\t\t<p class=\"subtitle small\">\n\t\t\t\t\t\t\t\t\t<\/p>\n\t\t\t<\/div>\n\t\t<\/div>\n\t<\/div>\n\t\t\t<div class=\" vc_col-lg-3 vc_col-md-4 vc_col-sm-6 vc_col-xs-12 masonry-block grid-item gallery-image\" data-gallery-item=\"6\" data-lazy-item=\"true\">\n\t\t<div class=\"wrap\">\n\t\t\t\t\t\t\t<img decoding=\"async\" class=\"gimg\" src=\"https:\/\/www.mgifisogest.lu\/FR\/wp-content\/uploads\/2020\/02\/DSC_3937.jpg\" alt=\"mgi fisogest office luxembourg\">\n\t\t\t\t\t\t<div class=\"overlay with-title\">\n\t\t\t\t<div class=\"content-center text-center\">\n\t\t\t\t\t<div class=\"wrap\">\n\t\t\t\t\t\t<h4 class=\"inline\">\n\t\t\t\t\t\t\t\t\t\t\t\t\t\t\t\t\t\t\t\t\t\t\t\t\t<\/h4>\n\t\t\t\t\t\t<div class=\"icon inline ion-ios-plus-empty\"><\/div>\n\t\t\t\t\t<\/div>\n\t\t\t\t<\/div>\n\t\t\t<\/div>\n\t\t\t<div class=\"gallery-description\">\n\t\t\t\t<h3 class=\"title\"><\/h3>\n\t\t\t\t<p class=\"subtitle small\">\n\t\t\t\t\t\t\t\t\t<\/p>\n\t\t\t<\/div>\n\t\t<\/div>\n\t<\/div>\n\t\t\t<div class=\" vc_col-lg-3 vc_col-md-4 vc_col-sm-6 vc_col-xs-12 masonry-block grid-item gallery-image\" data-gallery-item=\"7\" data-lazy-item=\"true\">\n\t\t<div class=\"wrap\">\n\t\t\t\t\t\t\t<img decoding=\"async\" class=\"gimg\" src=\"https:\/\/www.mgifisogest.lu\/FR\/wp-content\/uploads\/2020\/02\/DSC_3989-1.jpg\" alt=\"mgi fisogest office luxembourg\">\n\t\t\t\t\t\t<div class=\"overlay with-title\">\n\t\t\t\t<div class=\"content-center text-center\">\n\t\t\t\t\t<div class=\"wrap\">\n\t\t\t\t\t\t<h4 class=\"inline\">\n\t\t\t\t\t\t\t\t\t\t\t\t\t\t\t\t\t\t\t\t\t\t\t\t\t<\/h4>\n\t\t\t\t\t\t<div class=\"icon inline ion-ios-plus-empty\"><\/div>\n\t\t\t\t\t<\/div>\n\t\t\t\t<\/div>\n\t\t\t<\/div>\n\t\t\t<div class=\"gallery-description\">\n\t\t\t\t<h3 class=\"title\"><\/h3>\n\t\t\t\t<p class=\"subtitle small\">\n\t\t\t\t\t\t\t\t\t<\/p>\n\t\t\t<\/div>\n\t\t<\/div>\n\t<\/div>\n\t\t\t<div class=\" vc_col-lg-3 vc_col-md-4 vc_col-sm-6 vc_col-xs-12 masonry-block grid-item gallery-image\" data-gallery-item=\"8\" data-lazy-item=\"true\">\n\t\t<div class=\"wrap\">\n\t\t\t\t\t\t\t<img decoding=\"async\" class=\"gimg\" src=\"https:\/\/www.mgifisogest.lu\/FR\/wp-content\/uploads\/2020\/02\/fisogest-223.jpg\" alt=\"mgi fisogest office luxembourg\">\n\t\t\t\t\t\t<div class=\"overlay with-title\">\n\t\t\t\t<div class=\"content-center text-center\">\n\t\t\t\t\t<div class=\"wrap\">\n\t\t\t\t\t\t<h4 class=\"inline\">\n\t\t\t\t\t\t\t\t\t\t\t\t\t\t\t\t\t\t\t\t\t\t\t\t\t<\/h4>\n\t\t\t\t\t\t<div class=\"icon inline ion-ios-plus-empty\"><\/div>\n\t\t\t\t\t<\/div>\n\t\t\t\t<\/div>\n\t\t\t<\/div>\n\t\t\t<div class=\"gallery-description\">\n\t\t\t\t<h3 class=\"title\"><\/h3>\n\t\t\t\t<p class=\"subtitle small\">\n\t\t\t\t\t\t\t\t\t<\/p>\n\t\t\t<\/div>\n\t\t<\/div>\n\t<\/div>\n\t\t\t<div class=\" vc_col-lg-3 vc_col-md-4 vc_col-sm-6 vc_col-xs-12 masonry-block grid-item gallery-image\" data-gallery-item=\"9\" data-lazy-item=\"true\">\n\t\t<div class=\"wrap\">\n\t\t\t\t\t\t\t<img decoding=\"async\" class=\"gimg\" src=\"https:\/\/www.mgifisogest.lu\/FR\/wp-content\/uploads\/2020\/02\/PPS_5490-Kopie.jpg\" alt=\"mgi fisogest office luxembourg\">\n\t\t\t\t\t\t<div class=\"overlay with-title\">\n\t\t\t\t<div class=\"content-center text-center\">\n\t\t\t\t\t<div class=\"wrap\">\n\t\t\t\t\t\t<h4 class=\"inline\">\n\t\t\t\t\t\t\t\t\t\t\t\t\t\t\t\t\t\t\t\t\t\t\t\t\t<\/h4>\n\t\t\t\t\t\t<div class=\"icon inline ion-ios-plus-empty\"><\/div>\n\t\t\t\t\t<\/div>\n\t\t\t\t<\/div>\n\t\t\t<\/div>\n\t\t\t<div class=\"gallery-description\">\n\t\t\t\t<h3 class=\"title\"><\/h3>\n\t\t\t\t<p class=\"subtitle small\">\n\t\t\t\t\t\t\t\t\t<\/p>\n\t\t\t<\/div>\n\t\t<\/div>\n\t<\/div>\n\t\t\t<div class=\" vc_col-lg-3 vc_col-md-4 vc_col-sm-6 vc_col-xs-12 masonry-block grid-item gallery-image\" data-gallery-item=\"10\" data-lazy-item=\"true\">\n\t\t<div class=\"wrap\">\n\t\t\t\t\t\t\t<img decoding=\"async\" class=\"gimg\" src=\"https:\/\/www.mgifisogest.lu\/FR\/wp-content\/uploads\/2020\/02\/fisogest-208.jpg\" alt=\"MGI Fisogest kitchen\">\n\t\t\t\t\t\t<div class=\"overlay with-title\">\n\t\t\t\t<div class=\"content-center text-center\">\n\t\t\t\t\t<div class=\"wrap\">\n\t\t\t\t\t\t<h4 class=\"inline\">\n\t\t\t\t\t\t\t\t\t\t\t\t\t\t\t\t\t\t\t\t\t\t\t\t\t<\/h4>\n\t\t\t\t\t\t<div class=\"icon inline ion-ios-plus-empty\"><\/div>\n\t\t\t\t\t<\/div>\n\t\t\t\t<\/div>\n\t\t\t<\/div>\n\t\t\t<div class=\"gallery-description\">\n\t\t\t\t<h3 class=\"title\"><\/h3>\n\t\t\t\t<p class=\"subtitle small\">\n\t\t\t\t\t\t\t\t\t<\/p>\n\t\t\t<\/div>\n\t\t<\/div>\n\t<\/div>\n\t\t\t<div class=\" vc_col-lg-3 vc_col-md-4 vc_col-sm-6 vc_col-xs-12 masonry-block grid-item gallery-image\" data-gallery-item=\"11\" data-lazy-item=\"true\">\n\t\t<div class=\"wrap\">\n\t\t\t\t\t\t\t<img decoding=\"async\" class=\"gimg\" src=\"https:\/\/www.mgifisogest.lu\/FR\/wp-content\/uploads\/2020\/02\/IMG_1720.jpg\" alt=\"MGI Fisogest office spaces\">\n\t\t\t\t\t\t<div class=\"overlay with-title\">\n\t\t\t\t<div class=\"content-center text-center\">\n\t\t\t\t\t<div class=\"wrap\">\n\t\t\t\t\t\t<h4 class=\"inline\">\n\t\t\t\t\t\t\t\t\t\t\t\t\t\t\t\t\t\t\t\t\t\t\t\t\t<\/h4>\n\t\t\t\t\t\t<div class=\"icon inline ion-ios-plus-empty\"><\/div>\n\t\t\t\t\t<\/div>\n\t\t\t\t<\/div>\n\t\t\t<\/div>\n\t\t\t<div class=\"gallery-description\">\n\t\t\t\t<h3 class=\"title\"><\/h3>\n\t\t\t\t<p class=\"subtitle small\">\n\t\t\t\t\t\t\t\t\t<\/p>\n\t\t\t<\/div>\n\t\t<\/div>\n\t<\/div>\n\t\t<div class=\"clear\"><\/div>\n\n\t<\/div>\n\n\t\n<\/div>\n\n<div class=\"norebro-gallery-opened-sc custom-gallery\"\n\tid=\"norebro-custom-69ebd0ca2c765\"\n\tdata-options='{\"navClass\":\"\"}'>\n\n\t<div class=\"expand\">\n\t\t<span class=\"ion-android-expand\"><\/span>\n\t<\/div>\n\t<div class=\"close\">\n\t\t<span class=\"ion-ios-close-empty\"><\/span>\n\t<\/div>\n\n<\/div>\n[vc_empty_space height=\u00a0\u00bb90px\u00a0\u00bb el_class=\u00a0\u00bbnorebro-phone-space\u00a0\u00bb][\/vc_column][\/vc_row]\n","protected":false},"excerpt":{"rendered":"<p>[vc_row css_animation=\u00a0\u00bbfadeInUp\u00a0\u00bb css=\u00a0\u00bb.vc_custom_1580720177583{background: #ffffff url(https:\/\/www.mgifisogest.lu\/FR\/wp-content\/uploads\/2020\/02\/3270764.jpg?id=5671726) !important;background-position: center !important;background-repeat: no-repeat !important;background-size: cover !important;}\u00a0\u00bb][vc_column][vc_empty_space height=\u00a0\u00bb90px\u00a0\u00bb el_class=\u00a0\u00bbnorebro-phone-space\u00a0\u00bb][vc_empty_space&#8230;<\/p>\n","protected":false},"author":1,"featured_media":0,"parent":0,"menu_order":4,"comment_status":"closed","ping_status":"closed","template":"","meta":{"footnotes":""},"class_list":["post-5649043","page","type-page","status-publish","hentry"],"_links":{"self":[{"href":"https:\/\/www.mgifisogest.lu\/FR\/wp-json\/wp\/v2\/pages\/5649043","targetHints":{"allow":["GET"]}}],"collection":[{"href":"https:\/\/www.mgifisogest.lu\/FR\/wp-json\/wp\/v2\/pages"}],"about":[{"href":"https:\/\/www.mgifisogest.lu\/FR\/wp-json\/wp\/v2\/types\/page"}],"author":[{"embeddable":true,"href":"https:\/\/www.mgifisogest.lu\/FR\/wp-json\/wp\/v2\/users\/1"}],"replies":[{"embeddable":true,"href":"https:\/\/www.mgifisogest.lu\/FR\/wp-json\/wp\/v2\/comments?post=5649043"}],"version-history":[{"count":31,"href":"https:\/\/www.mgifisogest.lu\/FR\/wp-json\/wp\/v2\/pages\/5649043\/revisions"}],"predecessor-version":[{"id":5672102,"href":"https:\/\/www.mgifisogest.lu\/FR\/wp-json\/wp\/v2\/pages\/5649043\/revisions\/5672102"}],"wp:attachment":[{"href":"https:\/\/www.mgifisogest.lu\/FR\/wp-json\/wp\/v2\/media?parent=5649043"}],"curies":[{"name":"wp","href":"https:\/\/api.w.org\/{rel}","templated":true}]}}