{"id":5671440,"date":"2020-01-22T08:54:46","date_gmt":"2020-01-22T08:54:46","guid":{"rendered":"https:\/\/www.mgifisogest.lu\/FR\/?page_id=5671440"},"modified":"2021-03-30T07:39:12","modified_gmt":"2021-03-30T07:39:12","slug":"accounting-tax","status":"publish","type":"page","link":"https:\/\/www.mgifisogest.lu\/FR\/services\/accounting-tax\/","title":{"rendered":"FISCALIT\u00c9 ET COMPTABILIT\u00c9"},"content":{"rendered":"[vc_section full_width=\u00a0\u00bbstretch_row\u00a0\u00bb content_placement=\u00a0\u00bbtop\u00a0\u00bb css=\u00a0\u00bb.vc_custom_1580644465508{margin-top: -33px !important;margin-right: 30px !important;margin-bottom: -35px !important;margin-left: 30px !important;padding-bottom: 50px !important;background-image: url(https:\/\/www.mgifisogest.lu\/FR\/wp-content\/uploads\/2020\/02\/background_6.png?id=5671639) !important;background-position: center !important;background-repeat: no-repeat !important;background-size: cover !important;}\u00a0\u00bb][vc_row equal_height=\u00a0\u00bbyes\u00a0\u00bb css_animation=\u00a0\u00bbfadeInUp\u00a0\u00bb css=\u00a0\u00bb.vc_custom_1580649595351{padding-top: 0px !important;}\u00a0\u00bb][vc_column width=\u00a0\u00bb1\/4&Prime;][vc_column_text]\n<h3>Comptabilit\u00e9<\/h3>\n[\/vc_column_text][\/vc_column][vc_column width=\u00a0\u00bb3\/4&Prime; css=\u00a0\u00bb.vc_custom_1579682568143{padding-top: 27px !important;}\u00a0\u00bb][vc_column_text]Nos experts-comptables constituent un appui dans toutes les \u00e9tapes de la vie de votre entreprise. Nous analysons la situation de votre soci\u00e9t\u00e9, vous conseillons et nous vous assistons dans vos choix strat\u00e9giques.[\/vc_column_text][vc_empty_space height=\u00a0\u00bb30&Prime;]<div class=\"norebro-accordion-s\u0441 accordion-box  outline\" \n\tid=\"norebro-custom-69d28b3ce352d\"\n\tdata-norebro-accordion=\"0\"\n\t \n\t>\n\n\t<div id=\"1579682865482-1bd63a7c-88b4\" class=\"item\">\n\t\n\t<div class=\"title\">\n\t\t\t\t<h4>Comptabilit\u00e9<\/h4>\n\t\t<div class=\"control\">\n\t\t\t<span class=\"ion-plus\"><\/span>\n\t\t<\/div>\n\t<\/div>\n\n\t<div class=\"content\">\n\t\t<div class=\"wrap\">\n\t\t\t<p>[vc_column_text]<\/p>\n<ul>\n<li>Etablissement des comptes annuels<\/li>\n<li>Analyse de votre comptabilit\u00e9<\/li>\n<li>Tenue de la comptabilit\u00e9 analytique<\/li>\n<li>Restructuration et liquidation d\u2019entreprise<\/li>\n<li>Transmission d\u2019entreprise<\/li>\n<\/ul>\n<p>[\/vc_column_text]<\/p>\n\t\t<\/div>\n\t<\/div>\n\n<\/div><div id=\"1579683066058-716bc258-8d5d\" class=\"item\">\n\t\n\t<div class=\"title\">\n\t\t\t\t<h4>FisoConnect<\/h4>\n\t\t<div class=\"control\">\n\t\t\t<span class=\"ion-plus\"><\/span>\n\t\t<\/div>\n\t<\/div>\n\n\t<div class=\"content\">\n\t\t<div class=\"wrap\">\n\t\t\t<p>[vc_column_text]Avec FisoConnect, votre comptabilit\u00e9 est toujours \u00e0 jour et vous avez un aper\u00e7u direct des chiffres financiers de votre entreprise, ce qui vous permet de prendre rapidement des d\u00e9cisions orient\u00e9es vers l&rsquo;avenir et de devancer vos concurrents.[\/vc_column_text]<\/p>\n\t\t<\/div>\n\t<\/div>\n\n<\/div>\t\n<\/div>[vc_single_image image=\u00a0\u00bb5671313&Prime; img_size=\u00a0\u00bbfull\u00a0\u00bb alignment=\u00a0\u00bbcenter\u00a0\u00bb css_animation=\u00a0\u00bbfadeInUp\u00a0\u00bb]<div class=\"norebro-button-sc btn-wrap text-center\" \n\tid=\"norebro-custom-69d28b3ce3a4b\"\n\t \n\t>\n\n\t<a href=\"https:\/\/www.mgifisogest.lu\/FR\/myfiso\/\" \n\t\tclass=\"btn  btn-outline\">\n\n\t\t\n\t\t<span class=\"text\">\n\t\t\tConnexion \u00e0 MY FISO\t\t<\/span>\n\n\t\t\t\t\t<span class=\"icon ion-android-arrow-forward\"><\/span>\n\t\t\n\t\t\t<\/a>\n\n<\/div>[\/vc_column][\/vc_row][\/vc_section][vc_section full_width=\u00a0\u00bbstretch_row\u00a0\u00bb content_placement=\u00a0\u00bbtop\u00a0\u00bb css_animation=\u00a0\u00bbfadeInUp\u00a0\u00bb css=\u00a0\u00bb.vc_custom_1580649579734{padding-bottom: 0px !important;background-color: #000000 !important;}\u00a0\u00bb][vc_row equal_height=\u00a0\u00bbyes\u00a0\u00bb content_placement=\u00a0\u00bbmiddle\u00a0\u00bb side_background_title_color=\u00a0\u00bb#000000&Prime; css=\u00a0\u00bb.vc_custom_1579688326937{padding-top: 0px !important;padding-bottom: 35px !important;}\u00a0\u00bb][vc_column width=\u00a0\u00bb1\/2&Prime;]<div class=\"norebro-text-sc \" \n\tid=\"norebro-custom-69d28b3ce3caf\" \n\t \n\t>\n\n\t<h3><strong>Vous souhaitez obtenir plus d&rsquo;informations?<\/strong><\/h3>\n<p>Nous sommes \u00e0 votre disposition pour apporter des pr\u00e9cisions.<\/p>\n\t\n<\/div>[\/vc_column][vc_column width=\u00a0\u00bb1\/6&Prime;][\/vc_column][vc_column width=\u00a0\u00bb1\/6&Prime;]<div class=\"norebro-button-sc btn-wrap text-center\" \n\tid=\"norebro-custom-69d28b3ce3ec5\"\n\t \n\t>\n\n\t<a href=\"mailto:info@mgifisogest.lu\" target=\"_blank\" \n\t\tclass=\"btn  btn-outline\">\n\n\t\t\n\t\t<span class=\"text\">\n\t\t\tEmail us!\t\t<\/span>\n\n\t\t\t\t\t<span class=\"icon ion-android-arrow-forward\"><\/span>\n\t\t\n\t\t\t<\/a>\n\n<\/div>[\/vc_column][vc_column width=\u00a0\u00bb1\/6&Prime;]<div class=\"norebro-button-sc btn-wrap text-center\" \n\tid=\"norebro-custom-69d28b3ce3f85\"\n\t \n\t>\n\n\t<a href=\"https:\/\/www.mgifisogest.lu\/FR\/contact\/\" \n\t\tclass=\"btn  btn-outline\">\n\n\t\t\n\t\t<span class=\"text\">\n\t\t\tCall us!\t\t<\/span>\n\n\t\t\t\t\t<span class=\"icon ion-android-arrow-forward\"><\/span>\n\t\t\n\t\t\t<\/a>\n\n<\/div>[\/vc_column][\/vc_row][\/vc_section][vc_section full_width=\u00a0\u00bbstretch_row\u00a0\u00bb content_placement=\u00a0\u00bbtop\u00a0\u00bb css=\u00a0\u00bb.vc_custom_1579708154807{margin-top: -35px !important;margin-right: 30px !important;margin-bottom: -35px !important;margin-left: 30px !important;padding-bottom: 50px !important;background-image: url(https:\/\/www.mgifisogest.lu\/FR\/wp-content\/uploads\/2020\/01\/background_2.png?id=5671309) !important;background-position: center !important;background-repeat: no-repeat !important;background-size: cover !important;}\u00a0\u00bb][vc_row equal_height=\u00a0\u00bbyes\u00a0\u00bb css_animation=\u00a0\u00bbfadeInUp\u00a0\u00bb css=\u00a0\u00bb.vc_custom_1580649609388{padding-top: 0px !important;}\u00a0\u00bb][vc_column width=\u00a0\u00bb1\/4&Prime;][vc_column_text]\n<h3>Services fiscaux<\/h3>\n[\/vc_column_text][\/vc_column][vc_column width=\u00a0\u00bb3\/4&Prime; css=\u00a0\u00bb.vc_custom_1579682568143{padding-top: 27px !important;}\u00a0\u00bb][vc_column_text]\n<p class=\"p1\">Notre solide exp\u00e9rience et notre connaissance approfondie des imp\u00f4ts directs et indirects nous permettent de vous proposer les meilleures solutions fiscales adapt\u00e9es \u00e0 vos besoins.<\/p>\n[\/vc_column_text][vc_empty_space height=\u00a0\u00bb30px\u00a0\u00bb]<div class=\"norebro-accordion-s\u0441 accordion-box  outline\" \n\tid=\"norebro-custom-69d28b3ce4015\"\n\tdata-norebro-accordion=\"0\"\n\t \n\t>\n\n\t<div id=\"1579685939642-2d964085-dcbe\" class=\"item\">\n\t\n\t<div class=\"title\">\n\t\t\t\t<h4>Conseil et planification en mati\u00e8re de fiscalit\u00e9 luxembourgeoise et internationale<\/h4>\n\t\t<div class=\"control\">\n\t\t\t<span class=\"ion-plus\"><\/span>\n\t\t<\/div>\n\t<\/div>\n\n\t<div class=\"content\">\n\t\t<div class=\"wrap\">\n\t\t\t<p>[vc_column_text]<\/p>\n<ul>\n<li>Les personnes physiques r\u00e9sidentes et non r\u00e9sidentes<\/li>\n<li>Les communaut\u00e9s de non-r\u00e9sidents (soci\u00e9t\u00e9s, particuliers et toute autre forme de groupement de personnes)<\/li>\n<li>Aide fiscale pour votre d\u00e9m\u00e9nagement \/ installation au Luxembourg<\/li>\n<li>Aide fiscale pour vos projets d&rsquo;investissement immobilier<\/li>\n<\/ul>\n<p>[\/vc_column_text]<\/p>\n\t\t<\/div>\n\t<\/div>\n\n<\/div><div id=\"1579685939643-ee831bf6-383e\" class=\"item\">\n\t\n\t<div class=\"title\">\n\t\t\t\t<h4>Services de conformit\u00e9 fiscale<\/h4>\n\t\t<div class=\"control\">\n\t\t\t<span class=\"ion-plus\"><\/span>\n\t\t<\/div>\n\t<\/div>\n\n\t<div class=\"content\">\n\t\t<div class=\"wrap\">\n\t\t\t<p>[vc_column_text]<\/p>\n<ul>\n<li>Enregistrement de la TVA<\/li>\n<li>Pr\u00e9paration et \u00e9tablissement des d\u00e9clarations fiscales<\/li>\n<li>Pr\u00e9paration et \u00e9tablissement des d\u00e9clarations de TVA p\u00e9riodiques \/ annuelles<\/li>\n<\/ul>\n<p>[\/vc_column_text]<\/p>\n\t\t<\/div>\n\t<\/div>\n\n<\/div><div id=\"1579685939644-367ec706-01ae\" class=\"item\">\n\t\n\t<div class=\"title\">\n\t\t\t\t<h4>Assistance aux contr\u00f4les fiscaux<\/h4>\n\t\t<div class=\"control\">\n\t\t\t<span class=\"ion-plus\"><\/span>\n\t\t<\/div>\n\t<\/div>\n\n\t<div class=\"content\">\n\t\t<div class=\"wrap\">\n\t\t\t<p>[vc_column_text]<\/p>\n<p class=\"p1\">Vous souhaitez en savoir plus?<br \/>\nEnvoyez-nous un e-mail \u00e0 <a href=\"mailto:info@mgifisogest.lu\">info@mgifisogest.lu<\/a><\/p>\n<p>[\/vc_column_text]<\/p>\n\t\t<\/div>\n\t<\/div>\n\n<\/div><div id=\"1580402741076-b46410d4-e781\" class=\"item\">\n\t\n\t<div class=\"title\">\n\t\t\t\t<h4>Introduction de recours aupr\u00e8s des administrations fiscales<\/h4>\n\t\t<div class=\"control\">\n\t\t\t<span class=\"ion-plus\"><\/span>\n\t\t<\/div>\n\t<\/div>\n\n\t<div class=\"content\">\n\t\t<div class=\"wrap\">\n\t\t\t<p>[vc_column_text]Vous souhaitez en savoir plus?<br \/>\nEnvoyez-nous un e-mail \u00e0 <a href=\"mailto:info@mgifisogest.lu\">info@mgifisogest.lu<\/a>[\/vc_column_text]<\/p>\n\t\t<\/div>\n\t<\/div>\n\n<\/div><div id=\"1580402767251-7c5bdd0f-304a\" class=\"item\">\n\t\n\t<div class=\"title\">\n\t\t\t\t<h4>Pr\u00e9paration des d\u00e9clarations fiscales<\/h4>\n\t\t<div class=\"control\">\n\t\t\t<span class=\"ion-plus\"><\/span>\n\t\t<\/div>\n\t<\/div>\n\n\t<div class=\"content\">\n\t\t<div class=\"wrap\">\n\t\t\t<p>[vc_column_text]Vous souhaitez en savoir plus?<br \/>\nEnvoyez-nous un e-mail \u00e0 <a href=\"mailto:info@mgifisogest.lu\">info@mgifisogest.lu<\/a>[\/vc_column_text]<\/p>\n\t\t<\/div>\n\t<\/div>\n\n<\/div>\t\n<\/div>[vc_empty_space height=\u00a0\u00bb30&Prime;][\/vc_column][\/vc_row][\/vc_section][vc_section full_width=\u00a0\u00bbstretch_row\u00a0\u00bb content_placement=\u00a0\u00bbmiddle\u00a0\u00bb css=\u00a0\u00bb.vc_custom_1580647869684{margin-bottom: -50px !important;border-bottom-width: 0px !important;padding-top: 0px !important;background-color: #000000 !important;}\u00a0\u00bb][vc_row equal_height=\u00a0\u00bbyes\u00a0\u00bb content_placement=\u00a0\u00bbmiddle\u00a0\u00bb side_background_title_color=\u00a0\u00bb#000000&Prime; css=\u00a0\u00bb.vc_custom_1579701107035{padding-top: 35px !important;padding-bottom: 35px !important;}\u00a0\u00bb][vc_column width=\u00a0\u00bb1\/6&Prime;]<div class=\"norebro-client-logo-sc clients-logo text-center default\"\n\tid=\"norebro-custom-69d28b3ce47ef\"\n\t\t>\n\n\t\t\t<a href=\"https:\/\/www.mgifisogest.lu\/FR\/payroll\/\">\n\t\n\t\t\t\t\t<div class=\"first-image\">\n\t\t\t\t<img decoding=\"async\" src=\"https:\/\/www.mgifisogest.lu\/FR\/wp-content\/uploads\/2020\/01\/icon_payroll.png\" alt=\"\">\n\t\t\t<\/div>\n\t\t\t<div class=\"second-image\">\n\t\t\t\t<img decoding=\"async\" src=\"https:\/\/www.mgifisogest.lu\/FR\/wp-content\/uploads\/2020\/01\/icon_payroll.png\" alt=\"\">\n\t\t\t<\/div>\n\t\t\n\t\t\n\t\t\t<\/a>\n\t\n<\/div>\n<div class=\"norebro-text-sc \" \n\tid=\"norebro-custom-69d28b3ce4a40\" \n\t \n\t>\n\n\t<p style=\"text-align: center;\"><span style=\"color: #ffffff;\"><strong>Payroll<\/strong><\/span><\/p>\n\t\n<\/div>[\/vc_column][vc_column width=\u00a0\u00bb1\/6&Prime;]<div class=\"norebro-client-logo-sc clients-logo text-center default\"\n\tid=\"norebro-custom-69d28b3ce4fe0\"\n\t\t>\n\n\t\t\t<a href=\"https:\/\/www.mgifisogest.lu\/FR\/corporate\/\">\n\t\n\t\t\t\t\t<div class=\"first-image\">\n\t\t\t\t<img decoding=\"async\" src=\"https:\/\/www.mgifisogest.lu\/FR\/wp-content\/uploads\/2020\/01\/corporate_services.png\" alt=\"\">\n\t\t\t<\/div>\n\t\t\t<div class=\"second-image\">\n\t\t\t\t<img decoding=\"async\" src=\"https:\/\/www.mgifisogest.lu\/FR\/wp-content\/uploads\/2020\/01\/corporate_services.png\" alt=\"\">\n\t\t\t<\/div>\n\t\t\n\t\t\n\t\t\t<\/a>\n\t\n<\/div>\n<div class=\"norebro-text-sc \" \n\tid=\"norebro-custom-69d28b3ce5096\" \n\t \n\t>\n\n\t<p style=\"text-align: center;\"><span style=\"color: #ffffff;\"><strong>Corporate Services<\/strong><\/span><\/p>\n\t\n<\/div>[\/vc_column][vc_column width=\u00a0\u00bb1\/6&Prime;]<div class=\"norebro-client-logo-sc clients-logo text-center default\"\n\tid=\"norebro-custom-69d28b3ce5394\"\n\t\t>\n\n\t\t\t<a href=\"https:\/\/www.mgifisogest.lu\/FR\/consulting-it\/\">\n\t\n\t\t\t\t\t<div class=\"first-image\">\n\t\t\t\t<img decoding=\"async\" src=\"https:\/\/www.mgifisogest.lu\/FR\/wp-content\/uploads\/2020\/01\/icon_consulting.png\" alt=\"\">\n\t\t\t<\/div>\n\t\t\t<div class=\"second-image\">\n\t\t\t\t<img decoding=\"async\" src=\"https:\/\/www.mgifisogest.lu\/FR\/wp-content\/uploads\/2020\/01\/icon_consulting.png\" alt=\"\">\n\t\t\t<\/div>\n\t\t\n\t\t\n\t\t\t<\/a>\n\t\n<\/div>\n<div class=\"norebro-text-sc \" \n\tid=\"norebro-custom-69d28b3ce5414\" \n\t \n\t>\n\n\t<p style=\"text-align: center;\"><span style=\"color: #ffffff;\"><strong>Consulting<\/strong><\/span><\/p>\n\t\n<\/div>[\/vc_column][vc_column width=\u00a0\u00bb1\/6&Prime;]<div class=\"norebro-client-logo-sc clients-logo text-center default\"\n\tid=\"norebro-custom-69d28b3ce56c0\"\n\t\t>\n\n\t\t\t<a href=\"https:\/\/www.mgifisogest.lu\/FR\/consulting-it\/\">\n\t\n\t\t\t\t\t<div class=\"first-image\">\n\t\t\t\t<img decoding=\"async\" src=\"https:\/\/www.mgifisogest.lu\/FR\/wp-content\/uploads\/2020\/01\/icon_it.png\" alt=\"\">\n\t\t\t<\/div>\n\t\t\t<div class=\"second-image\">\n\t\t\t\t<img decoding=\"async\" src=\"https:\/\/www.mgifisogest.lu\/FR\/wp-content\/uploads\/2020\/01\/icon_it.png\" alt=\"\">\n\t\t\t<\/div>\n\t\t\n\t\t\n\t\t\t<\/a>\n\t\n<\/div>\n<div class=\"norebro-text-sc \" \n\tid=\"norebro-custom-69d28b3ce5736\" \n\t \n\t>\n\n\t<p style=\"text-align: center;\"><span style=\"color: #ffffff;\"><strong>IT Services<\/strong><\/span><\/p>\n\t\n<\/div>[\/vc_column][vc_column width=\u00a0\u00bb1\/6&Prime;]<div class=\"norebro-client-logo-sc clients-logo text-center default\"\n\tid=\"norebro-custom-69d28b3ce59e1\"\n\t\t>\n\n\t\t\t<a href=\"https:\/\/www.mgifisogest.lu\/FR\/insurance\/\">\n\t\n\t\t\t\t\t<div class=\"first-image\">\n\t\t\t\t<img decoding=\"async\" src=\"https:\/\/www.mgifisogest.lu\/FR\/wp-content\/uploads\/2020\/02\/2151a4.png\" alt=\"\">\n\t\t\t<\/div>\n\t\t\t<div class=\"second-image\">\n\t\t\t\t<img decoding=\"async\" src=\"https:\/\/www.mgifisogest.lu\/FR\/wp-content\/uploads\/2020\/02\/2151a4.png\" alt=\"\">\n\t\t\t<\/div>\n\t\t\n\t\t\n\t\t\t<\/a>\n\t\n<\/div>\n<div class=\"norebro-text-sc \" \n\tid=\"norebro-custom-69d28b3ce5a68\" \n\t \n\t>\n\n\t<p style=\"text-align: center;\"><span style=\"color: #ffffff;\"><strong>Insurances<\/strong><\/span><\/p>\n\t\n<\/div>[\/vc_column][vc_column width=\u00a0\u00bb1\/6&Prime;]<div class=\"norebro-client-logo-sc clients-logo text-center default\"\n\tid=\"norebro-custom-69d28b3ce5d37\"\n\t\t>\n\n\t\t\t<a href=\"https:\/\/www.mgifisogest.lu\/FR\/mgiworldwide\/\">\n\t\n\t\t\t\t\t<div class=\"first-image\">\n\t\t\t\t<img decoding=\"async\" src=\"https:\/\/www.mgifisogest.lu\/FR\/wp-content\/uploads\/2020\/02\/mgi_wordlwide.png\" alt=\"\">\n\t\t\t<\/div>\n\t\t\t<div class=\"second-image\">\n\t\t\t\t<img decoding=\"async\" src=\"https:\/\/www.mgifisogest.lu\/FR\/wp-content\/uploads\/2020\/02\/mgi_wordlwide.png\" alt=\"\">\n\t\t\t<\/div>\n\t\t\n\t\t\n\t\t\t<\/a>\n\t\n<\/div>\n<div class=\"norebro-text-sc \" \n\tid=\"norebro-custom-69d28b3ce5db9\" \n\t \n\t>\n\n\t<p style=\"text-align: center;\"><span style=\"color: #ffffff;\"><strong>MGI Worldwide<\/strong><\/span><\/p>\n\t\n<\/div>[\/vc_column][\/vc_row][\/vc_section]\n","protected":false},"excerpt":{"rendered":"<p>[vc_section full_width=\u00a0\u00bbstretch_row\u00a0\u00bb content_placement=\u00a0\u00bbtop\u00a0\u00bb css=\u00a0\u00bb.vc_custom_1580644465508{margin-top: -33px !important;margin-right: 30px !important;margin-bottom: -35px !important;margin-left: 30px !important;padding-bottom: 50px !important;background-image:&#8230;<\/p>\n","protected":false},"author":1,"featured_media":0,"parent":5671895,"menu_order":1,"comment_status":"closed","ping_status":"closed","template":"","meta":{"footnotes":""},"class_list":["post-5671440","page","type-page","status-publish","hentry"],"_links":{"self":[{"href":"https:\/\/www.mgifisogest.lu\/FR\/wp-json\/wp\/v2\/pages\/5671440","targetHints":{"allow":["GET"]}}],"collection":[{"href":"https:\/\/www.mgifisogest.lu\/FR\/wp-json\/wp\/v2\/pages"}],"about":[{"href":"https:\/\/www.mgifisogest.lu\/FR\/wp-json\/wp\/v2\/types\/page"}],"author":[{"embeddable":true,"href":"https:\/\/www.mgifisogest.lu\/FR\/wp-json\/wp\/v2\/users\/1"}],"replies":[{"embeddable":true,"href":"https:\/\/www.mgifisogest.lu\/FR\/wp-json\/wp\/v2\/comments?post=5671440"}],"version-history":[{"count":83,"href":"https:\/\/www.mgifisogest.lu\/FR\/wp-json\/wp\/v2\/pages\/5671440\/revisions"}],"predecessor-version":[{"id":5672035,"href":"https:\/\/www.mgifisogest.lu\/FR\/wp-json\/wp\/v2\/pages\/5671440\/revisions\/5672035"}],"up":[{"embeddable":true,"href":"https:\/\/www.mgifisogest.lu\/FR\/wp-json\/wp\/v2\/pages\/5671895"}],"wp:attachment":[{"href":"https:\/\/www.mgifisogest.lu\/FR\/wp-json\/wp\/v2\/media?parent=5671440"}],"curies":[{"name":"wp","href":"https:\/\/api.w.org\/{rel}","templated":true}]}}