{"id":5671603,"date":"2020-01-30T09:05:31","date_gmt":"2020-01-30T09:05:31","guid":{"rendered":"https:\/\/www.mgifisogest.lu\/FR\/?page_id=5671603"},"modified":"2021-03-23T12:53:30","modified_gmt":"2021-03-23T12:53:30","slug":"mgiworldwide","status":"publish","type":"page","link":"https:\/\/www.mgifisogest.lu\/FR\/mgiworldwide\/","title":{"rendered":"MGI WORLDWIDE"},"content":{"rendered":"[vc_row full_width=\u00a0\u00bbstretch_row\u00a0\u00bb equal_height=\u00a0\u00bbyes\u00a0\u00bb side_background_title_color=\u00a0\u00bb#f9f9f9&Prime; side_background_title_typo=\u00a0\u00bbfont_size~100||letter_spacing~-1||weight~600&Prime; css=\u00a0\u00bb.vc_custom_1580658611998{padding-top: 40px !important;}\u00a0\u00bb][vc_column width=\u00a0\u00bb1\/3&Prime;]<div class=\"norebro-heading-sc heading text-left\"\n\tid=\"norebro-custom-69d28b58d6921\" \n\t data-aos=\"fade-up\" \n\t>\n\t\n\t\t\t<p class=\"subtitle\">\n\t\t\tPrenez contact avec nous pour savoir comment\t\t<\/p>\n\t\n\t\n\t<h3 class=\"title subtitle-top\">\n\t\tFaire partie de MGI Worldwide est important pour nos clients\t<\/h3>\n\n\t\n\t\t\n<\/div>[vc_empty_space height=\u00a0\u00bb15px\u00a0\u00bb]<div class=\"norebro-text-sc \" \n\tid=\"norebro-custom-69d28b58d6c15\" \n\t data-aos=\"fade-up\" \n\t>\n\n\t<p>MGI a une forte repr\u00e9sentation \u00e0 travers 8 r\u00e9gions g\u00e9ographiques avec des milliers de professionnels de l&rsquo;audit, de la fiscalit\u00e9, de la comptabilit\u00e9 et du conseil, tous experts dans leur domaine, provenant d&rsquo;entreprises tr\u00e8s respect\u00e9es dans le monde entier.<\/p>\n\t\n<\/div>[vc_empty_space height=\u00a0\u00bb25px\u00a0\u00bb el_class=\u00a0\u00bbnorebro-phone-space\u00a0\u00bb]<div class=\"norebro-accordion-s\u0441 accordion-box  outline\" \n\tid=\"norebro-custom-69d28b58d6d6a\"\n\tdata-norebro-accordion=\"0\"\n\t data-aos=\"fade-up\" \n\t>\n\n\t<div id=\"1580218710249-6b21b1df-2897\" class=\"item\">\n\t\n\t<div class=\"title\">\n\t\t\t\t<h4>Personal<\/h4>\n\t\t<div class=\"control\">\n\t\t\t<span class=\"ion-plus\"><\/span>\n\t\t<\/div>\n\t<\/div>\n\n\t<div class=\"content\">\n\t\t<div class=\"wrap\">\n\t\t\t<p>[vc_column_text]<\/p>\n<div class=\"page\" title=\"Page 16\">\n<div class=\"section\">\n<div class=\"layoutArea\">\n<div class=\"column\">\n<div class=\"page\" title=\"Page 16\">\n<div class=\"section\">\n<div class=\"layoutArea\">\n<div class=\"column\">\n<p>Les partenaires des entreprises membres de MGI Worldwide s&rsquo;occupent personnellement de leurs clients. Au sein du r\u00e9seau, nous d\u00e9veloppons des liens d&rsquo;amiti\u00e9 \u00e9troits bas\u00e9s sur la loyaut\u00e9, le respect et le partage d&rsquo;exp\u00e9rience. Nous offrons la touche personnelle que l&rsquo;on ne trouve pas dans les grandes entreprises.<\/p>\n<\/div>\n<\/div>\n<\/div>\n<\/div>\n<\/div>\n<\/div>\n<\/div>\n<\/div>\n<p>[\/vc_column_text]<\/p>\n\t\t<\/div>\n\t<\/div>\n\n<\/div><div id=\"1580218710292-634fd612-34a1\" class=\"item\">\n\t\n\t<div class=\"title\">\n\t\t\t\t<h4>Entrepreneuriat<\/h4>\n\t\t<div class=\"control\">\n\t\t\t<span class=\"ion-plus\"><\/span>\n\t\t<\/div>\n\t<\/div>\n\n\t<div class=\"content\">\n\t\t<div class=\"wrap\">\n\t\t\t<p>[vc_column_text]<\/p>\n<div class=\"page\" title=\"Page 16\">\n<div class=\"section\">\n<div class=\"layoutArea\">\n<div class=\"column\">\n<p>Les membres de MGI Worldwide sont des entreprises de taille moyenne, g\u00e9r\u00e9es par leurs dirigeants. Nous partageons les m\u00eames d\u00e9fis quotidiens que nos clients et savons vraiment ce que signifie \u00eatre entrepreneur.<br \/>\nNous comprenons votre entreprise et vos aspirations, et pas seulement vos comptes.<\/p>\n<\/div>\n<\/div>\n<\/div>\n<\/div>\n<p>[\/vc_column_text]<\/p>\n\t\t<\/div>\n\t<\/div>\n\n<\/div><div id=\"1580218802011-73117d88-f64d\" class=\"item\">\n\t\n\t<div class=\"title\">\n\t\t\t\t<h4>Global<\/h4>\n\t\t<div class=\"control\">\n\t\t\t<span class=\"ion-plus\"><\/span>\n\t\t<\/div>\n\t<\/div>\n\n\t<div class=\"content\">\n\t\t<div class=\"wrap\">\n\t\t\t<p>[vc_column_text]<\/p>\n<div class=\"page\" title=\"Page 16\">\n<div class=\"section\">\n<div class=\"layoutArea\">\n<div class=\"column\">\n<p>MGI Worldwide est pr\u00e9sent sur tous les continents et dans presque tous les principaux centres \u00e9conomiques du monde. Aujourd&rsquo;hui, nous avons des membres dans plus de 100 pays. Quelle que soit la complexit\u00e9 des besoins d&rsquo;un client, une personne de MGI aura l&rsquo;expertise n\u00e9cessaire pour l&rsquo;aider.<\/p>\n<p>Pour en savoir plus sur MGI Worldwide, visitez le site <a href=\"http:\/\/www.mgiworld.com\">www.mgiworld.com<\/a><\/p>\n<\/div>\n<\/div>\n<\/div>\n<\/div>\n<p>[\/vc_column_text]<\/p>\n\t\t<\/div>\n\t<\/div>\n\n<\/div>\t\n<\/div>[vc_empty_space height=\u00a0\u00bb80px\u00a0\u00bb el_class=\u00a0\u00bbnorebro-phone-space\u00a0\u00bb][\/vc_column][vc_column css_animation=\u00a0\u00bbnone\u00a0\u00bb width=\u00a0\u00bb2\/3&Prime;][vc_single_image image=\u00a0\u00bb5671880&Prime; img_size=\u00a0\u00bbfull\u00a0\u00bb alignment=\u00a0\u00bbcenter\u00a0\u00bb][vc_empty_space height=\u00a0\u00bb25px\u00a0\u00bb el_class=\u00a0\u00bbnorebro-phone-space\u00a0\u00bb][vc_row_inner css=\u00a0\u00bb.vc_custom_1580232487956{margin-right: 25px !important;margin-left: 25px !important;}\u00a0\u00bb][vc_column_inner width=\u00a0\u00bb1\/5&Prime;]<div class=\"norebro-counter-box-sc counter-box\" \n\tid=\"norebro-custom-69d28b58d71e0\"\n\t \n\t>\n\n\t\n\t<div class=\"counter-box-count\" data-counter=\"455\">\n\t\t\t\t<span class=\"count\">0<\/span>\n\t\t\t<\/div>\n\n\t\t\t\t<h3 class=\"title\">Offices<\/h3>\n\t\t\t\t<p class=\"subtitle\">around the world<\/p>\n\t\n<\/div>[\/vc_column_inner][vc_column_inner width=\u00a0\u00bb1\/5&Prime;]<div class=\"norebro-counter-box-sc counter-box\" \n\tid=\"norebro-custom-69d28b58d748d\"\n\t \n\t>\n\n\t\n\t<div class=\"counter-box-count\" data-counter=\"251\">\n\t\t\t\t<span class=\"count\">0<\/span>\n\t\t\t<\/div>\n\n\t\t\t\t<h3 class=\"title\">Member<\/h3>\n\t\t\t\t<p class=\"subtitle\">Firms<\/p>\n\t\n<\/div>[\/vc_column_inner][vc_column_inner width=\u00a0\u00bb1\/5&Prime;]<div class=\"norebro-counter-box-sc counter-box\" \n\tid=\"norebro-custom-69d28b58d74fe\"\n\t \n\t>\n\n\t\n\t<div class=\"counter-box-count\" data-counter=\"73\">\n\t\t\t\t<span class=\"count\">0<\/span>\n\t\t\t<\/div>\n\n\t\t\t\t<h3 class=\"title\">Years<\/h3>\n\t\t\t\t<p class=\"subtitle\">of international experience<\/p>\n\t\n<\/div>[\/vc_column_inner][vc_column_inner width=\u00a0\u00bb1\/5&Prime;]<div class=\"norebro-counter-box-sc counter-box\" \n\tid=\"norebro-custom-69d28b58d755f\"\n\t \n\t>\n\n\t\n\t<div class=\"counter-box-count\" data-counter=\"102\">\n\t\t\t\t<span class=\"count\">0<\/span>\n\t\t\t<\/div>\n\n\t\t\t\t<h3 class=\"title\">Countries<\/h3>\n\t\t\t\t<p class=\"subtitle\">Worldwide<\/p>\n\t\n<\/div>[\/vc_column_inner][vc_column_inner width=\u00a0\u00bb1\/5&Prime;]<div class=\"norebro-counter-box-sc counter-box\" \n\tid=\"norebro-custom-69d28b58d75b8\"\n\t \n\t>\n\n\t\n\t<div class=\"counter-box-count\" data-counter=\"9485\">\n\t\t\t\t<span class=\"count\">0<\/span>\n\t\t\t<\/div>\n\n\t\t\t\t<h3 class=\"title\">Professionals<\/h3>\n\t\t\t\t<p class=\"subtitle\">Globally<\/p>\n\t\n<\/div>[\/vc_column_inner][\/vc_row_inner][vc_empty_space][\/vc_column][\/vc_row][vc_row full_width=\u00a0\u00bbstretch_row_content_no_spaces\u00a0\u00bb side_background_title_alignment=\u00a0\u00bbright\u00a0\u00bb css=\u00a0\u00bb.vc_custom_1580226519645{background-color: #e1e2e8 !important;}\u00a0\u00bb side_background_title=\u00a0\u00bbServices\u00a0\u00bb side_background_title_color=\u00a0\u00bb#ffffff\u00a0\u00bb side_background_title_typo=\u00a0\u00bbfont_size~100||weight~inherit\u00a0\u00bb][vc_column]<div class=\"norebro-split-box-sc split-box norebro-content-wrap-right\" \nid=\"norebro-custom-69d28b58d7cfa\" \n>\n\n\t<div class=\"vc_col-md-6 split-box-wrap\">\n\t<div class=\"parallax-bg\"><\/div>\n\t<div class=\"content\">\n\t\t\n\t<div class=\"text-center\">\n\t\t<div class=\"norebro-video-module-sc video-module  boxed with-anim\"\n\t\tid=\"norebro-custom-69d28b58d8151\"\n\t\tdata-video-module=\"https:\/\/player.vimeo.com\/video\/380444318\"\n\t\tdata-video-start=\"0\"\n\t\t\t\t>\n\n\t\t\t<div class=\"btn-play\">\n\t\t\t\t<span class=\"icon ion-ios-play\"><\/span>\n\t\t\t<\/div>\n\n\t\t\t\n\t\t<\/div>\n\t<\/div>\n\n\t<\/div>\n<\/div><div class=\"vc_col-md-6 split-box-wrap\">\n\t<div class=\"parallax-bg\"><\/div>\n\t<div class=\"content\">\n\t\t[vc_row_inner][vc_column_inner][vc_empty_space height=\u00a0\u00bb80px\u00a0\u00bb]<div class=\"norebro-heading-sc heading text-left\"\n\tid=\"norebro-custom-69d28b58d846e\" \n\t \n\t>\n\t\n\t\t\t<p class=\"subtitle\">\n\t\t\tMGI Worldwide\t\t<\/p>\n\t\n\t\n\t<h3 class=\"title subtitle-top\">\n\t\tNous fournissons des services intelligents et flexibles, dans le monde entier\t<\/h3>\n\n\t\n\t\t\n<\/div>[vc_empty_space height=\u00a0\u00bb10px\u00a0\u00bb]<div class=\"norebro-text-sc \" \n\tid=\"norebro-custom-69d28b58d8506\" \n\t \n\t>\n\n\t<p>Le Luxembourg est un petit pays, mais tr\u00e8s connect\u00e9 \u00e0 l&rsquo;international. Un grand nombre de nos clients op\u00e8rent \u00e9galement au-del\u00e0 des fronti\u00e8res et b\u00e9n\u00e9ficient de notre r\u00e9seau et de nos relations dans plus que 100 pays. Gr\u00e2ce \u00e0 notre adh\u00e9sion \u00e0 MGI, nous pouvons vous offrir le soutien id\u00e9al pour vos activit\u00e9s internationales.<\/p>\n\t\n<\/div>[vc_empty_space height=\u00a0\u00bb25px\u00a0\u00bb][\/vc_column_inner][\/vc_row_inner]<div class=\"norebro-accordion-s\u0441 accordion-box  outline\" \n\tid=\"norebro-custom-69d28b58d8553\"\n\tdata-norebro-accordion=\"0\"\n\t \n\t>\n\n\t<div id=\"1502112155829-80c8f296-839d\" class=\"item\">\n\t\n\t<div class=\"title\">\n\t\t\t\t<h4>Our global accounting network, your local contact<\/h4>\n\t\t<div class=\"control\">\n\t\t\t<span class=\"ion-plus\"><\/span>\n\t\t<\/div>\n\t<\/div>\n\n\t<div class=\"content\">\n\t\t<div class=\"wrap\">\n\t\t\t<p>[vc_column_text]<\/p>\n<div class=\"page\" title=\"Page 16\">\n<div class=\"section\">\n<div class=\"layoutArea\">\n<div class=\"column\">\n<p>MGI Fisogest est membre de MGI Worldwide, un r\u00e9seau international de cabinets ind\u00e9pendants d&rsquo;audit, de fiscalit\u00e9 et de comptabilit\u00e9, qui rassemble l&rsquo;expertise de presque 10000 professionnels dans plus de 450 endroits dans le monde. Notre adh\u00e9sion nous permet de nous tenir au courant des nouveaux d\u00e9veloppements importants, tout en fournissant un service international sans interruption \u00e0 tous nos clients qui recherchent un soutien \u00e0 l&rsquo;\u00e9tranger. Gr\u00e2ce \u00e0 MGI Worldwide, notre entreprise b\u00e9n\u00e9ficie de connexions avec des personnes que nous apprenons \u00e0 conna\u00eetre et en qui nous avons confiance dans tous les coins du monde. Nous pouvons vous aider, vous et vos op\u00e9rations, en passant un coup de fil rapide \u00e0 l&rsquo;un de nos coll\u00e8gues ou en vous proposant une offre de services compl\u00e8te &#8211; tout ce dont vous avez besoin pour faire de votre entreprise internationale un succ\u00e8s.<\/p>\n<\/div>\n<\/div>\n<\/div>\n<\/div>\n<p>[\/vc_column_text]<\/p>\n\t\t<\/div>\n\t<\/div>\n\n<\/div><div id=\"1502112155950-44c56316-6f96\" class=\"item\">\n\t\n\t<div class=\"title\">\n\t\t\t\t<h4>International standards<\/h4>\n\t\t<div class=\"control\">\n\t\t\t<span class=\"ion-plus\"><\/span>\n\t\t<\/div>\n\t<\/div>\n\n\t<div class=\"content\">\n\t\t<div class=\"wrap\">\n\t\t\t<p>[vc_column_text]MGI Worldwide est un r\u00e9seau de contr\u00f4le de la qualit\u00e9 et, comme toutes les entreprises membres, nous sommes soumis \u00e0 un examen r\u00e9gulier de nos syst\u00e8mes et proc\u00e9dures d&rsquo;assurance qualit\u00e9 par rapport aux normes internationales.<\/p>\n<p>Pour d\u00e9couvrir MGI Worldwide, visitez le site <a href=\"http:\/\/www.mgiworld.com\">www.mgiworld.com<\/a>[\/vc_column_text]<\/p>\n\t\t<\/div>\n\t<\/div>\n\n<\/div>\t\n<\/div>\t<\/div>\n<\/div>\t\n\n<\/div>[\/vc_column][\/vc_row][vc_row full_width=\u00a0\u00bbstretch_row\u00a0\u00bb equal_height=\u00a0\u00bbyes\u00a0\u00bb content_placement=\u00a0\u00bbmiddle\u00a0\u00bb css=\u00a0\u00bb.vc_custom_1580244145523{padding-bottom: 35px !important;background-color: #000000 !important;}\u00a0\u00bb][vc_column width=\u00a0\u00bb1\/2&Prime;]<div class=\"norebro-text-sc \" \n\tid=\"norebro-custom-69d28b58d86d8\" \n\t \n\t>\n\n\t<div class=\"wpb_column vc_column_container vc_col-sm-6\">\n<div class=\"vc_column-inner\">\n<div class=\"wpb_wrapper\">\n<div id=\"norebro-custom-5fe462f7e624a\" class=\"norebro-text-sc \">\n<h3><strong>Vous souhaitez obtenir plus d\u2019informations?<\/strong><\/h3>\n<p>Nous sommes \u00e0 votre service!<\/p>\n<\/div>\n<\/div>\n<\/div>\n<\/div>\n\t\n<\/div>[\/vc_column][vc_column width=\u00a0\u00bb1\/6&Prime;][\/vc_column][vc_column width=\u00a0\u00bb1\/6&Prime;]<div class=\"norebro-button-sc btn-wrap text-center\" \n\tid=\"norebro-custom-69d28b58d8780\"\n\t \n\t>\n\n\t<a href=\"mailto:info@mgifisogest.lu\" target=\"_blank\" \n\t\tclass=\"btn  btn-outline\">\n\n\t\t\n\t\t<span class=\"text\">\n\t\t\tEmail us!\t\t<\/span>\n\n\t\t\t\t\t<span class=\"icon ion-android-arrow-forward\"><\/span>\n\t\t\n\t\t\t<\/a>\n\n<\/div>[\/vc_column][vc_column width=\u00a0\u00bb1\/6&Prime;]<div class=\"norebro-button-sc btn-wrap text-center\" \n\tid=\"norebro-custom-69d28b58d8911\"\n\t \n\t>\n\n\t<a href=\"https:\/\/www.mgifisogest.lu\/FR\/contact\/\" \n\t\tclass=\"btn  btn-outline\">\n\n\t\t\n\t\t<span class=\"text\">\n\t\t\tCall us!\t\t<\/span>\n\n\t\t\t\t\t<span class=\"icon ion-android-arrow-forward\"><\/span>\n\t\t\n\t\t\t<\/a>\n\n<\/div>[\/vc_column][\/vc_row]\n","protected":false},"excerpt":{"rendered":"<p>[vc_row full_width=\u00a0\u00bbstretch_row\u00a0\u00bb equal_height=\u00a0\u00bbyes\u00a0\u00bb side_background_title_color=\u00a0\u00bb#f9f9f9&Prime; side_background_title_typo=\u00a0\u00bbfont_size~100||letter_spacing~-1||weight~600&Prime; css=\u00a0\u00bb.vc_custom_1580658611998{padding-top: 40px !important;}\u00a0\u00bb][vc_column width=\u00a0\u00bb1\/3&Prime;][vc_empty_space height=\u00a0\u00bb15px\u00a0\u00bb][vc_empty_space height=\u00a0\u00bb25px\u00a0\u00bb el_class=\u00a0\u00bbnorebro-phone-space\u00a0\u00bb][vc_empty_space height=\u00a0\u00bb80px\u00a0\u00bb el_class=\u00a0\u00bbnorebro-phone-space\u00a0\u00bb][\/vc_column][vc_column&#8230;<\/p>\n","protected":false},"author":1,"featured_media":0,"parent":0,"menu_order":3,"comment_status":"closed","ping_status":"closed","template":"","meta":{"footnotes":""},"class_list":["post-5671603","page","type-page","status-publish","hentry"],"_links":{"self":[{"href":"https:\/\/www.mgifisogest.lu\/FR\/wp-json\/wp\/v2\/pages\/5671603","targetHints":{"allow":["GET"]}}],"collection":[{"href":"https:\/\/www.mgifisogest.lu\/FR\/wp-json\/wp\/v2\/pages"}],"about":[{"href":"https:\/\/www.mgifisogest.lu\/FR\/wp-json\/wp\/v2\/types\/page"}],"author":[{"embeddable":true,"href":"https:\/\/www.mgifisogest.lu\/FR\/wp-json\/wp\/v2\/users\/1"}],"replies":[{"embeddable":true,"href":"https:\/\/www.mgifisogest.lu\/FR\/wp-json\/wp\/v2\/comments?post=5671603"}],"version-history":[{"count":27,"href":"https:\/\/www.mgifisogest.lu\/FR\/wp-json\/wp\/v2\/pages\/5671603\/revisions"}],"predecessor-version":[{"id":5671979,"href":"https:\/\/www.mgifisogest.lu\/FR\/wp-json\/wp\/v2\/pages\/5671603\/revisions\/5671979"}],"wp:attachment":[{"href":"https:\/\/www.mgifisogest.lu\/FR\/wp-json\/wp\/v2\/media?parent=5671603"}],"curies":[{"name":"wp","href":"https:\/\/api.w.org\/{rel}","templated":true}]}}