{"id":5671650,"date":"2020-02-02T13:22:45","date_gmt":"2020-02-02T13:22:45","guid":{"rendered":"https:\/\/www.mgifisogest.lu\/FR\/?page_id=5671650"},"modified":"2021-03-29T18:15:30","modified_gmt":"2021-03-29T18:15:30","slug":"payroll","status":"publish","type":"page","link":"https:\/\/www.mgifisogest.lu\/FR\/services\/payroll\/","title":{"rendered":"SECR\u00c9TARIAT SOCIAL"},"content":{"rendered":"[vc_section full_width=\u00a0\u00bbstretch_row\u00a0\u00bb content_placement=\u00a0\u00bbtop\u00a0\u00bb css=\u00a0\u00bb.vc_custom_1580644465508{margin-top: -33px !important;margin-right: 30px !important;margin-bottom: -35px !important;margin-left: 30px !important;padding-bottom: 50px !important;background-image: url(https:\/\/www.mgifisogest.lu\/FR\/wp-content\/uploads\/2020\/02\/background_6.png?id=5671639) !important;background-position: center !important;background-repeat: no-repeat !important;background-size: cover !important;}\u00a0\u00bb][vc_row equal_height=\u00a0\u00bbyes\u00a0\u00bb css_animation=\u00a0\u00bbfadeInUp\u00a0\u00bb css=\u00a0\u00bb.vc_custom_1580649595351{padding-top: 0px !important;}\u00a0\u00bb][vc_column width=\u00a0\u00bb1\/4&Prime;][vc_column_text]\n<h3>Salaires<\/h3>\n[\/vc_column_text][\/vc_column][vc_column width=\u00a0\u00bb3\/4&Prime; css=\u00a0\u00bb.vc_custom_1579682568143{padding-top: 27px !important;}\u00a0\u00bb][vc_column_text]Avec une exp\u00e9rience de plus de 20 ans dans l&rsquo;administration des salaires, notre \u00e9quipe multilingue prendra en charge la gestion quotidienne de vos salaires, tout en vous conseillant et en vous aidant en mati\u00e8re de droit du travail, de s\u00e9curit\u00e9 sociale et de fiscalit\u00e9.[\/vc_column_text][vc_empty_space height=\u00a0\u00bb30&Prime;]<div class=\"norebro-accordion-s\u0441 accordion-box  outline\" \n\tid=\"norebro-custom-69d28b3cecec6\"\n\tdata-norebro-accordion=\"0\"\n\t \n\t>\n\n\t<div id=\"1579682865482-1bd63a7c-88b4\" class=\"item\">\n\t\n\t<div class=\"title\">\n\t\t\t\t<h4>Hiring<\/h4>\n\t\t<div class=\"control\">\n\t\t\t<span class=\"ion-plus\"><\/span>\n\t\t<\/div>\n\t<\/div>\n\n\t<div class=\"content\">\n\t\t<div class=\"wrap\">\n\t\t\t<p>[vc_column_text]<\/p>\n<ul>\n<li>Pr\u00e9paration des contrats de travail et des avenants aux contrats<\/li>\n<li>Affiliation de vos nouveaux employ\u00e9s au Centre Commun de la S\u00e9curit\u00e9 Sociale (CCSS)<\/li>\n<li>Contacts avec l&rsquo;Agence pour le D\u00e9veloppement de l&rsquo;Emploi (ADEM) lors de l&#8217;embauche de ch\u00f4meurs<\/li>\n<\/ul>\n<p>[\/vc_column_text]<\/p>\n\t\t<\/div>\n\t<\/div>\n\n<\/div><div id=\"1579683066058-716bc258-8d5d\" class=\"item\">\n\t\n\t<div class=\"title\">\n\t\t\t\t<h4>Salaires<\/h4>\n\t\t<div class=\"control\">\n\t\t\t<span class=\"ion-plus\"><\/span>\n\t\t<\/div>\n\t<\/div>\n\n\t<div class=\"content\">\n\t\t<div class=\"wrap\">\n\t\t\t<p>[vc_column_text]<\/p>\n<ul>\n<li class=\"box one first last fadeInDown animated\" data-rt-animate=\"animate\" data-rt-animation-type=\"fadeInDown\">Etablissement de simulations de salaires<\/li>\n<li class=\"box one first last fadeInDown animated\" data-rt-animate=\"animate\" data-rt-animation-type=\"fadeInDown\">Processus de calcul des salaires et \u00e9tablissement des fiches de paie, conform\u00e9ment \u00e0 la l\u00e9gislation luxembourgeoise en mati\u00e8re de travail, de fiscalit\u00e9 et de s\u00e9curit\u00e9 sociale, ainsi que conform\u00e9ment \u00e0 toute convention collective applicable \u00e0 votre entreprise<\/li>\n<\/ul>\n<p>[\/vc_column_text]<\/p>\n\t\t<\/div>\n\t<\/div>\n\n<\/div><div id=\"1580650004545-8dbc19b0-fe43\" class=\"item\">\n\t\n\t<div class=\"title\">\n\t\t\t\t<h4>D\u00e9clarations<\/h4>\n\t\t<div class=\"control\">\n\t\t\t<span class=\"ion-plus\"><\/span>\n\t\t<\/div>\n\t<\/div>\n\n\t<div class=\"content\">\n\t\t<div class=\"wrap\">\n\t\t\t<p>[vc_column_text]<\/p>\n<ul>\n<li>D\u00e9claration des salaires et des jours de maladie \u00e0 l&rsquo;Administration de la s\u00e9curit\u00e9 sociale (CCSS)<\/li>\n<li>D\u00e9claration de la retenue d&rsquo;imp\u00f4t sur le salaire \u00e0 l&rsquo;Administration fiscale luxembourgeoise<\/li>\n<li>Fournir des conseils et une assistance en mati\u00e8re de droit du travail, de s\u00e9curit\u00e9 sociale et de fiscalit\u00e9<\/li>\n<li>\u00c9tablissement de relev\u00e9s annuels de comptes de salaires d&rsquo;entreprise et individuels<\/li>\n<li>D\u00e9claration des jours de maladie au service de sant\u00e9 luxembourgeois<\/li>\n<\/ul>\n<p>[\/vc_column_text]<\/p>\n\t\t<\/div>\n\t<\/div>\n\n<\/div>\t\n<\/div>[\/vc_column][\/vc_row][\/vc_section][vc_section full_width=\u00a0\u00bbstretch_row\u00a0\u00bb content_placement=\u00a0\u00bbmiddle\u00a0\u00bb css=\u00a0\u00bb.vc_custom_1580647869684{margin-bottom: -50px !important;border-bottom-width: 0px !important;padding-top: 0px !important;background-color: #000000 !important;}\u00a0\u00bb][vc_row equal_height=\u00a0\u00bbyes\u00a0\u00bb content_placement=\u00a0\u00bbmiddle\u00a0\u00bb side_background_title_color=\u00a0\u00bb#000000&Prime; css=\u00a0\u00bb.vc_custom_1579701107035{padding-top: 35px !important;padding-bottom: 35px !important;}\u00a0\u00bb][vc_column width=\u00a0\u00bb1\/6&Prime;]<div class=\"norebro-client-logo-sc clients-logo text-center default\"\n\tid=\"norebro-custom-69d28b3ced6ed\"\n\t\t>\n\n\t\t\t<a href=\"https:\/\/www.mgifisogest.lu\/FR\/corporate\/\">\n\t\n\t\t\t\t\t<div class=\"first-image\">\n\t\t\t\t<img decoding=\"async\" src=\"https:\/\/www.mgifisogest.lu\/FR\/wp-content\/uploads\/2020\/01\/corporate_services.png\" alt=\"\">\n\t\t\t<\/div>\n\t\t\t<div class=\"second-image\">\n\t\t\t\t<img decoding=\"async\" src=\"https:\/\/www.mgifisogest.lu\/FR\/wp-content\/uploads\/2020\/01\/corporate_services.png\" alt=\"\">\n\t\t\t<\/div>\n\t\t\n\t\t\n\t\t\t<\/a>\n\t\n<\/div>\n<div class=\"norebro-text-sc \" \n\tid=\"norebro-custom-69d28b3ced7b4\" \n\t \n\t>\n\n\t<p style=\"text-align: center;\"><span style=\"color: #ffffff;\"><strong>Corporate Services<\/strong><\/span><\/p>\n\t\n<\/div>[\/vc_column][vc_column width=\u00a0\u00bb1\/6&Prime;]<div class=\"norebro-client-logo-sc clients-logo text-center default\"\n\tid=\"norebro-custom-69d28b3cedc7e\"\n\t\t>\n\n\t\t\t<a href=\"https:\/\/www.mgifisogest.lu\/FR\/consulting-it\/\">\n\t\n\t\t\t\t\t<div class=\"first-image\">\n\t\t\t\t<img decoding=\"async\" src=\"https:\/\/www.mgifisogest.lu\/FR\/wp-content\/uploads\/2020\/01\/icon_consulting.png\" alt=\"\">\n\t\t\t<\/div>\n\t\t\t<div class=\"second-image\">\n\t\t\t\t<img decoding=\"async\" src=\"https:\/\/www.mgifisogest.lu\/FR\/wp-content\/uploads\/2020\/01\/icon_consulting.png\" alt=\"\">\n\t\t\t<\/div>\n\t\t\n\t\t\n\t\t\t<\/a>\n\t\n<\/div>\n<div class=\"norebro-text-sc \" \n\tid=\"norebro-custom-69d28b3cedd33\" \n\t \n\t>\n\n\t<p style=\"text-align: center;\"><span style=\"color: #ffffff;\"><strong>Consulting<\/strong><\/span><\/p>\n\t\n<\/div>[\/vc_column][vc_column width=\u00a0\u00bb1\/6&Prime;]<div class=\"norebro-client-logo-sc clients-logo text-center default\"\n\tid=\"norebro-custom-69d28b3cee1c6\"\n\t\t>\n\n\t\t\t<a href=\"https:\/\/www.mgifisogest.lu\/FR\/consulting-it\/\">\n\t\n\t\t\t\t\t<div class=\"first-image\">\n\t\t\t\t<img decoding=\"async\" src=\"https:\/\/www.mgifisogest.lu\/FR\/wp-content\/uploads\/2020\/01\/icon_it.png\" alt=\"\">\n\t\t\t<\/div>\n\t\t\t<div class=\"second-image\">\n\t\t\t\t<img decoding=\"async\" src=\"https:\/\/www.mgifisogest.lu\/FR\/wp-content\/uploads\/2020\/01\/icon_it.png\" alt=\"\">\n\t\t\t<\/div>\n\t\t\n\t\t\n\t\t\t<\/a>\n\t\n<\/div>\n<div class=\"norebro-text-sc \" \n\tid=\"norebro-custom-69d28b3cee27c\" \n\t \n\t>\n\n\t<p style=\"text-align: center;\"><span style=\"color: #ffffff;\"><strong>IT Services<\/strong><\/span><\/p>\n\t\n<\/div>[\/vc_column][vc_column width=\u00a0\u00bb1\/6&Prime;]<div class=\"norebro-client-logo-sc clients-logo text-center default\"\n\tid=\"norebro-custom-69d28b3cee6c7\"\n\t\t>\n\n\t\t\t<a href=\"https:\/\/www.mgifisogest.lu\/FR\/insurance\/\">\n\t\n\t\t\t\t\t<div class=\"first-image\">\n\t\t\t\t<img decoding=\"async\" src=\"https:\/\/www.mgifisogest.lu\/FR\/wp-content\/uploads\/2020\/02\/2151a4.png\" alt=\"\">\n\t\t\t<\/div>\n\t\t\t<div class=\"second-image\">\n\t\t\t\t<img decoding=\"async\" src=\"https:\/\/www.mgifisogest.lu\/FR\/wp-content\/uploads\/2020\/02\/2151a4.png\" alt=\"\">\n\t\t\t<\/div>\n\t\t\n\t\t\n\t\t\t<\/a>\n\t\n<\/div>\n<div class=\"norebro-text-sc \" \n\tid=\"norebro-custom-69d28b3cee77c\" \n\t \n\t>\n\n\t<p style=\"text-align: center;\"><span style=\"color: #ffffff;\"><strong>Insurances<\/strong><\/span><\/p>\n\t\n<\/div>[\/vc_column][vc_column width=\u00a0\u00bb1\/6&Prime;]<div class=\"norebro-client-logo-sc clients-logo text-center default\"\n\tid=\"norebro-custom-69d28b3ceecb0\"\n\t\t>\n\n\t\t\t<a href=\"https:\/\/www.mgifisogest.lu\/FR\/mgiworldwide\/\">\n\t\n\t\t\t\t\t<div class=\"first-image\">\n\t\t\t\t<img decoding=\"async\" src=\"https:\/\/www.mgifisogest.lu\/FR\/wp-content\/uploads\/2020\/02\/mgi_wordlwide.png\" alt=\"\">\n\t\t\t<\/div>\n\t\t\t<div class=\"second-image\">\n\t\t\t\t<img decoding=\"async\" src=\"https:\/\/www.mgifisogest.lu\/FR\/wp-content\/uploads\/2020\/02\/mgi_wordlwide.png\" alt=\"\">\n\t\t\t<\/div>\n\t\t\n\t\t\n\t\t\t<\/a>\n\t\n<\/div>\n<div class=\"norebro-text-sc \" \n\tid=\"norebro-custom-69d28b3ceed5d\" \n\t \n\t>\n\n\t<p style=\"text-align: center;\"><span style=\"color: #ffffff;\"><strong>MGI Worldwide<\/strong><\/span><\/p>\n\t\n<\/div>[\/vc_column][vc_column width=\u00a0\u00bb1\/6&Prime;]<div class=\"norebro-client-logo-sc clients-logo text-center default\"\n\tid=\"norebro-custom-69d28b3cef23f\"\n\t\t>\n\n\t\t\t<a href=\"https:\/\/www.mgifisogest.lu\/FR\/accounting-tax\/\">\n\t\n\t\t\t\t\t<div class=\"first-image\">\n\t\t\t\t<img decoding=\"async\" src=\"https:\/\/www.mgifisogest.lu\/FR\/wp-content\/uploads\/2020\/01\/icon_accounting-1.png\" alt=\"\">\n\t\t\t<\/div>\n\t\t\t<div class=\"second-image\">\n\t\t\t\t<img decoding=\"async\" src=\"https:\/\/www.mgifisogest.lu\/FR\/wp-content\/uploads\/2020\/01\/icon_accounting-1.png\" alt=\"\">\n\t\t\t<\/div>\n\t\t\n\t\t\n\t\t\t<\/a>\n\t\n<\/div>\n<div class=\"norebro-text-sc \" \n\tid=\"norebro-custom-69d28b3cef2e8\" \n\t \n\t>\n\n\t<p style=\"text-align: center;\"><span style=\"color: #ffffff;\"><strong>Accounting &amp; Tax<\/strong><\/span><\/p>\n\t\n<\/div>[\/vc_column][\/vc_row][\/vc_section]\n","protected":false},"excerpt":{"rendered":"<p>[vc_section full_width=\u00a0\u00bbstretch_row\u00a0\u00bb content_placement=\u00a0\u00bbtop\u00a0\u00bb css=\u00a0\u00bb.vc_custom_1580644465508{margin-top: -33px !important;margin-right: 30px !important;margin-bottom: -35px !important;margin-left: 30px !important;padding-bottom: 50px !important;background-image:&#8230;<\/p>\n","protected":false},"author":1,"featured_media":0,"parent":5671895,"menu_order":2,"comment_status":"closed","ping_status":"closed","template":"","meta":{"footnotes":""},"class_list":["post-5671650","page","type-page","status-publish","hentry"],"_links":{"self":[{"href":"https:\/\/www.mgifisogest.lu\/FR\/wp-json\/wp\/v2\/pages\/5671650","targetHints":{"allow":["GET"]}}],"collection":[{"href":"https:\/\/www.mgifisogest.lu\/FR\/wp-json\/wp\/v2\/pages"}],"about":[{"href":"https:\/\/www.mgifisogest.lu\/FR\/wp-json\/wp\/v2\/types\/page"}],"author":[{"embeddable":true,"href":"https:\/\/www.mgifisogest.lu\/FR\/wp-json\/wp\/v2\/users\/1"}],"replies":[{"embeddable":true,"href":"https:\/\/www.mgifisogest.lu\/FR\/wp-json\/wp\/v2\/comments?post=5671650"}],"version-history":[{"count":13,"href":"https:\/\/www.mgifisogest.lu\/FR\/wp-json\/wp\/v2\/pages\/5671650\/revisions"}],"predecessor-version":[{"id":5672033,"href":"https:\/\/www.mgifisogest.lu\/FR\/wp-json\/wp\/v2\/pages\/5671650\/revisions\/5672033"}],"up":[{"embeddable":true,"href":"https:\/\/www.mgifisogest.lu\/FR\/wp-json\/wp\/v2\/pages\/5671895"}],"wp:attachment":[{"href":"https:\/\/www.mgifisogest.lu\/FR\/wp-json\/wp\/v2\/media?parent=5671650"}],"curies":[{"name":"wp","href":"https:\/\/api.w.org\/{rel}","templated":true}]}}