{"id":5671655,"date":"2020-02-02T13:48:54","date_gmt":"2020-02-02T13:48:54","guid":{"rendered":"https:\/\/www.mgifisogest.lu\/FR\/?page_id=5671655"},"modified":"2021-05-05T13:01:43","modified_gmt":"2021-05-05T13:01:43","slug":"corporate","status":"publish","type":"page","link":"https:\/\/www.mgifisogest.lu\/FR\/services\/corporate\/","title":{"rendered":"CORPORATE"},"content":{"rendered":"[vc_section full_width=\u00a0\u00bbstretch_row\u00a0\u00bb content_placement=\u00a0\u00bbtop\u00a0\u00bb css=\u00a0\u00bb.vc_custom_1580644465508{margin-top: -33px !important;margin-right: 30px !important;margin-bottom: -35px !important;margin-left: 30px !important;padding-bottom: 50px !important;background-image: url(https:\/\/www.mgifisogest.lu\/FR\/wp-content\/uploads\/2020\/02\/background_6.png?id=5671639) !important;background-position: center !important;background-repeat: no-repeat !important;background-size: cover !important;}\u00a0\u00bb][vc_row equal_height=\u00a0\u00bbyes\u00a0\u00bb css_animation=\u00a0\u00bbfadeInUp\u00a0\u00bb css=\u00a0\u00bb.vc_custom_1580649595351{padding-top: 0px !important;}\u00a0\u00bb][vc_column width=\u00a0\u00bb1\/4&Prime;][vc_column_text]\n<h3>Corporate services<\/h3>\n[\/vc_column_text][\/vc_column][vc_column width=\u00a0\u00bb3\/4&Prime; css=\u00a0\u00bb.vc_custom_1579682568143{padding-top: 27px !important;}\u00a0\u00bb]<div class=\"norebro-accordion-s\u0441 accordion-box  outline\" \n\tid=\"norebro-custom-69d25385d47ff\"\n\tdata-norebro-accordion=\"0\"\n\t \n\t>\n\n\t<div id=\"1579682865482-1bd63a7c-88b4\" class=\"item\">\n\t\n\t<div class=\"title\">\n\t\t\t\t<h4>Cr\u00e9ation d'entreprise<\/h4>\n\t\t<div class=\"control\">\n\t\t\t<span class=\"ion-plus\"><\/span>\n\t\t<\/div>\n\t<\/div>\n\n\t<div class=\"content\">\n\t\t<div class=\"wrap\">\n\t\t\t<p>[vc_column_text]<\/p>\n<ul>\n<li>R\u00e9alisation de toute proc\u00e9dure administrative li\u00e9e \u00e0 la cr\u00e9ation de votre entreprise<\/li>\n<li>Assistance pour l&rsquo;obtention d&rsquo;une autorisation d&rsquo;\u00e9tablissement et l&rsquo;enregistrement \u00e0 la TVA de votre entreprise<\/li>\n<li>Demande pour tout type d&rsquo;aide d&rsquo;\u00c9tat<\/li>\n<li>Assistance dans toutes les proc\u00e9dures relatives \u00e0 la tenue des assembl\u00e9es g\u00e9n\u00e9rales, aux proc\u00e8s-verbaux, aux rapports de gestion, &#8230;<\/li>\n<\/ul>\n<p>[\/vc_column_text]<\/p>\n\t\t<\/div>\n\t<\/div>\n\n<\/div><div id=\"1579683066058-716bc258-8d5d\" class=\"item\">\n\t\n\t<div class=\"title\">\n\t\t\t\t<h4>Assistance<\/h4>\n\t\t<div class=\"control\">\n\t\t\t<span class=\"ion-plus\"><\/span>\n\t\t<\/div>\n\t<\/div>\n\n\t<div class=\"content\">\n\t\t<div class=\"wrap\">\n\t\t\t<p>[vc_column_text]Assistance en :<\/p>\n<ul>\n<li>\u00c9tablissement des soci\u00e9t\u00e9s<\/li>\n<li>Acquisition d&rsquo;entreprises<\/li>\n<li>Augmentation de capital<\/li>\n<li>Changement d&rsquo;objet social<\/li>\n<li>Transformation de la forme juridique des soci\u00e9t\u00e9s<\/li>\n<li>Nomination et \u00e0 la d\u00e9mission des agents et des auditeurs<\/li>\n<li>Transfert du si\u00e8ge social<\/li>\n<li>Fusions ou scissions d&rsquo;entreprises<\/li>\n<li>Liquidations ou dissolutions de soci\u00e9t\u00e9s<\/li>\n<\/ul>\n<p>[\/vc_column_text]<\/p>\n\t\t<\/div>\n\t<\/div>\n\n<\/div><div id=\"1580650695841-650eae2c-ddc8\" class=\"item\">\n\t\n\t<div class=\"title\">\n\t\t\t\t<h4>Conseil<\/h4>\n\t\t<div class=\"control\">\n\t\t\t<span class=\"ion-plus\"><\/span>\n\t\t<\/div>\n\t<\/div>\n\n\t<div class=\"content\">\n\t\t<div class=\"wrap\">\n\t\t\t<p>[vc_column_text]Tout type de conseil et d&rsquo;assistance en mati\u00e8re de droit des soci\u00e9t\u00e9s et\/ou de droit commercial[\/vc_column_text]<\/p>\n\t\t<\/div>\n\t<\/div>\n\n<\/div><div id=\"1580650846016-6d821784-d20b\" class=\"item\">\n\t\n\t<div class=\"title\">\n\t\t\t\t<h4>Immatriculation<\/h4>\n\t\t<div class=\"control\">\n\t\t\t<span class=\"ion-plus\"><\/span>\n\t\t<\/div>\n\t<\/div>\n\n\t<div class=\"content\">\n\t\t<div class=\"wrap\">\n\t\t\t<p>[vc_column_text]Enregistrement des commer\u00e7ants individuels aupr\u00e8s du registre du commerce[\/vc_column_text]<\/p>\n\t\t<\/div>\n\t<\/div>\n\n<\/div><div id=\"1580650872427-9dcbfa57-87ec\" class=\"item\">\n\t\n\t<div class=\"title\">\n\t\t\t\t<h4>Gestion<\/h4>\n\t\t<div class=\"control\">\n\t\t\t<span class=\"ion-plus\"><\/span>\n\t\t<\/div>\n\t<\/div>\n\n\t<div class=\"content\">\n\t\t<div class=\"wrap\">\n\t\t\t<p>[vc_column_text]<\/p>\n<ul>\n<li>Surveillance des activit\u00e9s des entreprises<\/li>\n<li>Gestion des contrats<\/li>\n<li>Gestion des paiements<\/li>\n<li>Mandat d&rsquo;administrateur non ex\u00e9cutif<\/li>\n<\/ul>\n<p>[\/vc_column_text]<\/p>\n\t\t<\/div>\n\t<\/div>\n\n<\/div>\t\n<\/div>[vc_row_inner][vc_column_inner width=\u00a0\u00bb1\/3&Prime;][vc_empty_space height=\u00a0\u00bb15px\u00a0\u00bb][vc_single_image image=\u00a0\u00bb5671768&Prime; img_size=\u00a0\u00bbmedium\u00a0\u00bb][\/vc_column_inner][vc_column_inner width=\u00a0\u00bb1\/3&Prime;][\/vc_column_inner][vc_column_inner width=\u00a0\u00bb1\/3&Prime;][\/vc_column_inner][\/vc_row_inner][\/vc_column][\/vc_row][\/vc_section][vc_section full_width=\u00a0\u00bbstretch_row\u00a0\u00bb content_placement=\u00a0\u00bbtop\u00a0\u00bb css_animation=\u00a0\u00bbfadeInUp\u00a0\u00bb css=\u00a0\u00bb.vc_custom_1580649579734{padding-bottom: 0px !important;background-color: #000000 !important;}\u00a0\u00bb][vc_row equal_height=\u00a0\u00bbyes\u00a0\u00bb content_placement=\u00a0\u00bbmiddle\u00a0\u00bb side_background_title_color=\u00a0\u00bb#000000&Prime; css=\u00a0\u00bb.vc_custom_1579688326937{padding-top: 0px !important;padding-bottom: 35px !important;}\u00a0\u00bb][vc_column width=\u00a0\u00bb1\/2&Prime;]<div class=\"norebro-text-sc \" \n\tid=\"norebro-custom-69d25385d4f2a\" \n\t \n\t>\n\n\t<h3><strong>Vous souhaitez obtenir plus d&rsquo;informations?<\/strong><\/h3>\n<p>Nous sommes \u00e0 votre disposition pour apporter des pr\u00e9cisions.<\/p>\n\t\n<\/div>[\/vc_column][vc_column width=\u00a0\u00bb1\/6&Prime;][\/vc_column][vc_column width=\u00a0\u00bb1\/6&Prime;]<div class=\"norebro-button-sc btn-wrap text-center\" \n\tid=\"norebro-custom-69d25385d516e\"\n\t \n\t>\n\n\t<a href=\"mailto:info@mgifisogest.lu\" target=\"_blank\" \n\t\tclass=\"btn  btn-outline\">\n\n\t\t\n\t\t<span class=\"text\">\n\t\t\tEmail us!\t\t<\/span>\n\n\t\t\t\t\t<span class=\"icon ion-android-arrow-forward\"><\/span>\n\t\t\n\t\t\t<\/a>\n\n<\/div>[\/vc_column][vc_column width=\u00a0\u00bb1\/6&Prime;]<div class=\"norebro-button-sc btn-wrap text-center\" \n\tid=\"norebro-custom-69d25385d534a\"\n\t \n\t>\n\n\t<a href=\"https:\/\/www.mgifisogest.lu\/FR\/contact\/\" \n\t\tclass=\"btn  btn-outline\">\n\n\t\t\n\t\t<span class=\"text\">\n\t\t\tCall us!\t\t<\/span>\n\n\t\t\t\t\t<span class=\"icon ion-android-arrow-forward\"><\/span>\n\t\t\n\t\t\t<\/a>\n\n<\/div>[\/vc_column][\/vc_row][\/vc_section][vc_section full_width=\u00a0\u00bbstretch_row\u00a0\u00bb content_placement=\u00a0\u00bbtop\u00a0\u00bb css=\u00a0\u00bb.vc_custom_1579708154807{margin-top: -35px !important;margin-right: 30px !important;margin-bottom: -35px !important;margin-left: 30px !important;padding-bottom: 50px !important;background-image: url(https:\/\/www.mgifisogest.lu\/FR\/wp-content\/uploads\/2020\/01\/background_2.png?id=5671309) !important;background-position: center !important;background-repeat: no-repeat !important;background-size: cover !important;}\u00a0\u00bb][vc_row equal_height=\u00a0\u00bbyes\u00a0\u00bb css_animation=\u00a0\u00bbfadeInUp\u00a0\u00bb css=\u00a0\u00bb.vc_custom_1580649609388{padding-top: 0px !important;}\u00a0\u00bb][vc_column width=\u00a0\u00bb1\/4&Prime;][vc_column_text]\n<h3>Domiciliation &amp; Commissaire aux comptes<\/h3>\n[\/vc_column_text][\/vc_column][vc_column width=\u00a0\u00bb3\/4&Prime; css=\u00a0\u00bb.vc_custom_1579682568143{padding-top: 27px !important;}\u00a0\u00bb]<div class=\"norebro-accordion-s\u0441 accordion-box  outline\" \n\tid=\"norebro-custom-69d25385d53c9\"\n\tdata-norebro-accordion=\"0\"\n\t \n\t>\n\n\t<div id=\"1579685939642-2d964085-dcbe\" class=\"item\">\n\t\n\t<div class=\"title\">\n\t\t\t\t<h4>Domiciliation<\/h4>\n\t\t<div class=\"control\">\n\t\t\t<span class=\"ion-plus\"><\/span>\n\t\t<\/div>\n\t<\/div>\n\n\t<div class=\"content\">\n\t\t<div class=\"wrap\">\n\t\t\t<p>[vc_column_text]<\/p>\n<ul>\n<li>Traitement du courrier et travail de secr\u00e9tariat\/administration<\/li>\n<li>Pr\u00e9servation de tous les documents juridiques<\/li>\n<li>Mise \u00e0 disposition de salles de r\u00e9union pendant les assembl\u00e9es g\u00e9n\u00e9rales, les conseils d&rsquo;administration ou tout autre type de r\u00e9union selon les besoins<\/li>\n<\/ul>\n<p>[\/vc_column_text]<\/p>\n\t\t<\/div>\n\t<\/div>\n\n<\/div><div id=\"1579685939643-ee831bf6-383e\" class=\"item\">\n\t\n\t<div class=\"title\">\n\t\t\t\t<h4>Commissaire aux comptes<\/h4>\n\t\t<div class=\"control\">\n\t\t\t<span class=\"ion-plus\"><\/span>\n\t\t<\/div>\n\t<\/div>\n\n\t<div class=\"content\">\n\t\t<div class=\"wrap\">\n\t\t\t<p>[vc_column_text]<\/p>\n<ul>\n<li>Suivi et contr\u00f4le des comptes annuels de votre entreprise<\/li>\n<li>Surveillance des activit\u00e9s des entreprises<\/li>\n<\/ul>\n<p>[\/vc_column_text]<\/p>\n\t\t<\/div>\n\t<\/div>\n\n<\/div>\t\n<\/div>[vc_row_inner][vc_column_inner width=\u00a0\u00bb1\/3&Prime;][vc_empty_space height=\u00a0\u00bb15px\u00a0\u00bb][vc_single_image image=\u00a0\u00bb5671768&Prime; img_size=\u00a0\u00bbmedium\u00a0\u00bb][\/vc_column_inner][vc_column_inner width=\u00a0\u00bb1\/3&Prime;][vc_empty_space height=\u00a0\u00bb34px\u00a0\u00bb][vc_single_image image=\u00a0\u00bb5672040&Prime; img_size=\u00a0\u00bb138&#215;50&Prime;][\/vc_column_inner][vc_column_inner width=\u00a0\u00bb1\/3&Prime;][\/vc_column_inner][\/vc_row_inner][\/vc_column][\/vc_row][\/vc_section][vc_section full_width=\u00a0\u00bbstretch_row\u00a0\u00bb content_placement=\u00a0\u00bbmiddle\u00a0\u00bb css=\u00a0\u00bb.vc_custom_1580647869684{margin-bottom: -50px !important;border-bottom-width: 0px !important;padding-top: 0px !important;background-color: #000000 !important;}\u00a0\u00bb][vc_row equal_height=\u00a0\u00bbyes\u00a0\u00bb content_placement=\u00a0\u00bbmiddle\u00a0\u00bb side_background_title_color=\u00a0\u00bb#000000&Prime; css=\u00a0\u00bb.vc_custom_1579701107035{padding-top: 35px !important;padding-bottom: 35px !important;}\u00a0\u00bb][vc_column width=\u00a0\u00bb1\/6&Prime;]<div class=\"norebro-client-logo-sc clients-logo text-center default\"\n\tid=\"norebro-custom-69d25385d58c8\"\n\t\t>\n\n\t\t\t<a href=\"https:\/\/www.mgifisogest.lu\/FR\/consulting-it\/\">\n\t\n\t\t\t\t\t<div class=\"first-image\">\n\t\t\t\t<img decoding=\"async\" src=\"https:\/\/www.mgifisogest.lu\/FR\/wp-content\/uploads\/2020\/01\/icon_consulting.png\" alt=\"\">\n\t\t\t<\/div>\n\t\t\t<div class=\"second-image\">\n\t\t\t\t<img decoding=\"async\" src=\"https:\/\/www.mgifisogest.lu\/FR\/wp-content\/uploads\/2020\/01\/icon_consulting.png\" alt=\"\">\n\t\t\t<\/div>\n\t\t\n\t\t\n\t\t\t<\/a>\n\t\n<\/div>\n<div class=\"norebro-text-sc \" \n\tid=\"norebro-custom-69d25385d5a91\" \n\t \n\t>\n\n\t<p style=\"text-align: center;\"><span style=\"color: #ffffff;\"><strong>Consulting<\/strong><\/span><\/p>\n\t\n<\/div>[\/vc_column][vc_column width=\u00a0\u00bb1\/6&Prime;]<div class=\"norebro-client-logo-sc clients-logo text-center default\"\n\tid=\"norebro-custom-69d25385d5e03\"\n\t\t>\n\n\t\t\t<a href=\"https:\/\/www.mgifisogest.lu\/FR\/consulting-it\/\">\n\t\n\t\t\t\t\t<div class=\"first-image\">\n\t\t\t\t<img decoding=\"async\" src=\"https:\/\/www.mgifisogest.lu\/FR\/wp-content\/uploads\/2020\/01\/icon_it.png\" alt=\"\">\n\t\t\t<\/div>\n\t\t\t<div class=\"second-image\">\n\t\t\t\t<img decoding=\"async\" src=\"https:\/\/www.mgifisogest.lu\/FR\/wp-content\/uploads\/2020\/01\/icon_it.png\" alt=\"\">\n\t\t\t<\/div>\n\t\t\n\t\t\n\t\t\t<\/a>\n\t\n<\/div>\n<div class=\"norebro-text-sc \" \n\tid=\"norebro-custom-69d25385d5eaa\" \n\t \n\t>\n\n\t<p style=\"text-align: center;\"><span style=\"color: #ffffff;\"><strong>IT Services<\/strong><\/span><\/p>\n\t\n<\/div>[\/vc_column][vc_column width=\u00a0\u00bb1\/6&Prime;]<div class=\"norebro-client-logo-sc clients-logo text-center default\"\n\tid=\"norebro-custom-69d25385d61fd\"\n\t\t>\n\n\t\t\t<a href=\"https:\/\/www.mgifisogest.lu\/FR\/insurance\/\">\n\t\n\t\t\t\t\t<div class=\"first-image\">\n\t\t\t\t<img decoding=\"async\" src=\"https:\/\/www.mgifisogest.lu\/FR\/wp-content\/uploads\/2020\/02\/2151a4.png\" alt=\"\">\n\t\t\t<\/div>\n\t\t\t<div class=\"second-image\">\n\t\t\t\t<img decoding=\"async\" src=\"https:\/\/www.mgifisogest.lu\/FR\/wp-content\/uploads\/2020\/02\/2151a4.png\" alt=\"\">\n\t\t\t<\/div>\n\t\t\n\t\t\n\t\t\t<\/a>\n\t\n<\/div>\n<div class=\"norebro-text-sc \" \n\tid=\"norebro-custom-69d25385d62a0\" \n\t \n\t>\n\n\t<p style=\"text-align: center;\"><span style=\"color: #ffffff;\"><strong>Insurances<\/strong><\/span><\/p>\n\t\n<\/div>[\/vc_column][vc_column width=\u00a0\u00bb1\/6&Prime;]<div class=\"norebro-client-logo-sc clients-logo text-center default\"\n\tid=\"norebro-custom-69d25385d65be\"\n\t\t>\n\n\t\t\t<a href=\"https:\/\/www.mgifisogest.lu\/FR\/mgiworldwide\/\">\n\t\n\t\t\t\t\t<div class=\"first-image\">\n\t\t\t\t<img decoding=\"async\" src=\"https:\/\/www.mgifisogest.lu\/FR\/wp-content\/uploads\/2020\/02\/mgi_wordlwide.png\" alt=\"\">\n\t\t\t<\/div>\n\t\t\t<div class=\"second-image\">\n\t\t\t\t<img decoding=\"async\" src=\"https:\/\/www.mgifisogest.lu\/FR\/wp-content\/uploads\/2020\/02\/mgi_wordlwide.png\" alt=\"\">\n\t\t\t<\/div>\n\t\t\n\t\t\n\t\t\t<\/a>\n\t\n<\/div>\n<div class=\"norebro-text-sc \" \n\tid=\"norebro-custom-69d25385d665c\" \n\t \n\t>\n\n\t<p style=\"text-align: center;\"><span style=\"color: #ffffff;\"><strong>MGI Worldwide<\/strong><\/span><\/p>\n\t\n<\/div>[\/vc_column][vc_column width=\u00a0\u00bb1\/6&Prime;]<div class=\"norebro-client-logo-sc clients-logo text-center default\"\n\tid=\"norebro-custom-69d25385d6934\"\n\t\t>\n\n\t\t\t<a href=\"https:\/\/www.mgifisogest.lu\/FR\/accounting-tax\/\">\n\t\n\t\t\t\t\t<div class=\"first-image\">\n\t\t\t\t<img decoding=\"async\" src=\"https:\/\/www.mgifisogest.lu\/FR\/wp-content\/uploads\/2020\/01\/icon_accounting-1.png\" alt=\"\">\n\t\t\t<\/div>\n\t\t\t<div class=\"second-image\">\n\t\t\t\t<img decoding=\"async\" src=\"https:\/\/www.mgifisogest.lu\/FR\/wp-content\/uploads\/2020\/01\/icon_accounting-1.png\" alt=\"\">\n\t\t\t<\/div>\n\t\t\n\t\t\n\t\t\t<\/a>\n\t\n<\/div>\n<div class=\"norebro-text-sc \" \n\tid=\"norebro-custom-69d25385d69d7\" \n\t \n\t>\n\n\t<p style=\"text-align: center;\"><span style=\"color: #ffffff;\"><strong>Accounting &amp; Tax<\/strong><\/span><\/p>\n\t\n<\/div>[\/vc_column][vc_column width=\u00a0\u00bb1\/6&Prime;]<div class=\"norebro-client-logo-sc clients-logo text-center default\"\n\tid=\"norebro-custom-69d25385d6cd7\"\n\t\t>\n\n\t\t\t<a href=\"https:\/\/www.mgifisogest.lu\/FR\/payroll\/\">\n\t\n\t\t\t\t\t<div class=\"first-image\">\n\t\t\t\t<img decoding=\"async\" src=\"https:\/\/www.mgifisogest.lu\/FR\/wp-content\/uploads\/2020\/01\/icon_payroll.png\" alt=\"\">\n\t\t\t<\/div>\n\t\t\t<div class=\"second-image\">\n\t\t\t\t<img decoding=\"async\" src=\"https:\/\/www.mgifisogest.lu\/FR\/wp-content\/uploads\/2020\/01\/icon_payroll.png\" alt=\"\">\n\t\t\t<\/div>\n\t\t\n\t\t\n\t\t\t<\/a>\n\t\n<\/div>\n<div class=\"norebro-text-sc \" \n\tid=\"norebro-custom-69d25385d6d79\" \n\t \n\t>\n\n\t<p style=\"text-align: center;\"><span style=\"color: #ffffff;\"><strong>Payroll<\/strong><\/span><\/p>\n\t\n<\/div>[\/vc_column][\/vc_row][\/vc_section]\n","protected":false},"excerpt":{"rendered":"<p>[vc_section full_width=\u00a0\u00bbstretch_row\u00a0\u00bb content_placement=\u00a0\u00bbtop\u00a0\u00bb css=\u00a0\u00bb.vc_custom_1580644465508{margin-top: -33px !important;margin-right: 30px !important;margin-bottom: -35px !important;margin-left: 30px !important;padding-bottom: 50px !important;background-image:&#8230;<\/p>\n","protected":false},"author":1,"featured_media":0,"parent":5671895,"menu_order":3,"comment_status":"closed","ping_status":"closed","template":"","meta":{"footnotes":""},"class_list":["post-5671655","page","type-page","status-publish","hentry"],"_links":{"self":[{"href":"https:\/\/www.mgifisogest.lu\/FR\/wp-json\/wp\/v2\/pages\/5671655","targetHints":{"allow":["GET"]}}],"collection":[{"href":"https:\/\/www.mgifisogest.lu\/FR\/wp-json\/wp\/v2\/pages"}],"about":[{"href":"https:\/\/www.mgifisogest.lu\/FR\/wp-json\/wp\/v2\/types\/page"}],"author":[{"embeddable":true,"href":"https:\/\/www.mgifisogest.lu\/FR\/wp-json\/wp\/v2\/users\/1"}],"replies":[{"embeddable":true,"href":"https:\/\/www.mgifisogest.lu\/FR\/wp-json\/wp\/v2\/comments?post=5671655"}],"version-history":[{"count":30,"href":"https:\/\/www.mgifisogest.lu\/FR\/wp-json\/wp\/v2\/pages\/5671655\/revisions"}],"predecessor-version":[{"id":5672098,"href":"https:\/\/www.mgifisogest.lu\/FR\/wp-json\/wp\/v2\/pages\/5671655\/revisions\/5672098"}],"up":[{"embeddable":true,"href":"https:\/\/www.mgifisogest.lu\/FR\/wp-json\/wp\/v2\/pages\/5671895"}],"wp:attachment":[{"href":"https:\/\/www.mgifisogest.lu\/FR\/wp-json\/wp\/v2\/media?parent=5671655"}],"curies":[{"name":"wp","href":"https:\/\/api.w.org\/{rel}","templated":true}]}}