{"id":5671662,"date":"2020-02-02T14:06:14","date_gmt":"2020-02-02T14:06:14","guid":{"rendered":"https:\/\/www.mgifisogest.lu\/FR\/?page_id=5671662"},"modified":"2021-04-12T19:05:23","modified_gmt":"2021-04-12T19:05:23","slug":"consulting-it","status":"publish","type":"page","link":"https:\/\/www.mgifisogest.lu\/FR\/services\/consulting-it\/","title":{"rendered":"CONSEIL &#038; IT"},"content":{"rendered":"[vc_section full_width=\u00a0\u00bbstretch_row\u00a0\u00bb content_placement=\u00a0\u00bbtop\u00a0\u00bb css=\u00a0\u00bb.vc_custom_1580644465508{margin-top: -33px !important;margin-right: 30px !important;margin-bottom: -35px !important;margin-left: 30px !important;padding-bottom: 50px !important;background-image: url(https:\/\/www.mgifisogest.lu\/FR\/wp-content\/uploads\/2020\/02\/background_6.png?id=5671639) !important;background-position: center !important;background-repeat: no-repeat !important;background-size: cover !important;}\u00a0\u00bb][vc_row equal_height=\u00a0\u00bbyes\u00a0\u00bb css_animation=\u00a0\u00bbfadeInUp\u00a0\u00bb css=\u00a0\u00bb.vc_custom_1580649595351{padding-top: 0px !important;}\u00a0\u00bb][vc_column width=\u00a0\u00bb1\/4&Prime;][vc_column_text]\n<h3>Conseil<\/h3>\n[\/vc_column_text][\/vc_column][vc_column width=\u00a0\u00bb3\/4&Prime; css=\u00a0\u00bb.vc_custom_1579682568143{padding-top: 27px !important;}\u00a0\u00bb]<div class=\"norebro-text-sc \" \n\tid=\"norebro-custom-69d28c8d1b66f\" \n\t \n\t>\n\n\t<p>Notre \u00e9quipe de consultants est \u00e0 votre disposition pour vous soutenir dans les d\u00e9cisions strat\u00e9giques \u00e0 tous les stades de la vie de votre entreprise et dans la gestion quotidienne de votre entreprise.<\/p>\n\t\n<\/div><div class=\"norebro-accordion-s\u0441 accordion-box  outline\" \n\tid=\"norebro-custom-69d28c8d1b823\"\n\tdata-norebro-accordion=\"0\"\n\t \n\t>\n\n\t<div id=\"1579682865482-1bd63a7c-88b4\" class=\"item\">\n\t\n\t<div class=\"title\">\n\t\t\t\t<h4>D\u00e9veloppement permanent<\/h4>\n\t\t<div class=\"control\">\n\t\t\t<span class=\"ion-plus\"><\/span>\n\t\t<\/div>\n\t<\/div>\n\n\t<div class=\"content\">\n\t\t<div class=\"wrap\">\n\t\t\t<p>[vc_column_text]Gr\u00e2ce \u00e0 une analyse d\u00e9taill\u00e9e et \u00e0 un aper\u00e7u de vos comptes, nous identifierons les tendances positives et n\u00e9gatives \u00e0 un stade initial, afin que vous puissiez aligner la strat\u00e9gie de votre entreprise sur les tendances identifi\u00e9es et prendre les d\u00e9cisions n\u00e9cessaires pour renforcer la position de votre entreprise afin de r\u00e9ussir \u00e0 l&rsquo;avenir.<\/p>\n<p>Nous analysons votre entreprise au cours d&rsquo;un cycle d\u00e9termin\u00e9, \u00e9laborons ensemble des objectifs et des strat\u00e9gies pour votre entreprise, sur la base des orientations d\u00e9finies et cr\u00e9ons des rapports interm\u00e9diaires qui vous permettent de suivre vos performances. La r\u00e9p\u00e9tition r\u00e9guli\u00e8re de ce cycle vous permet de d\u00e9velopper constamment votre entreprise et de vous distancer de vos concurrents.[\/vc_column_text]<\/p>\n\t\t<\/div>\n\t<\/div>\n\n<\/div><div id=\"1580651669861-d9c0f669-d87d\" class=\"item\">\n\t\n\t<div class=\"title\">\n\t\t\t\t<h4>Analyses approfondies<\/h4>\n\t\t<div class=\"control\">\n\t\t\t<span class=\"ion-plus\"><\/span>\n\t\t<\/div>\n\t<\/div>\n\n\t<div class=\"content\">\n\t\t<div class=\"wrap\">\n\t\t\t<p>[vc_column_text]<\/p>\n<ul>\n<li>Analysez la r\u00e9partition et l&rsquo;\u00e9volution de vos revenus afin de vous concentrer sur les segments les plus int\u00e9ressants pour votre entreprise et d&rsquo;aligner votre strat\u00e9gie commerciale en cons\u00e9quence.<\/li>\n<li>Examinez en profondeur votre structure de co\u00fbts, ainsi que son \u00e9volution par rapport \u00e0 vos ventes, ce qui vous permettra d&rsquo;optimiser vos marges et la structure de vos effectifs.<\/li>\n<li>Analysez avec vous la structure de votre personnel, afin d&rsquo;optimiser la productivit\u00e9 de vos employ\u00e9s pour optimiser vos marges et la composition structurelle de votre personnel.<\/li>\n<\/ul>\n<p>[\/vc_column_text]<\/p>\n\t\t<\/div>\n\t<\/div>\n\n<\/div><div id=\"1580652168288-6bc8cd99-39dd\" class=\"item\">\n\t\n\t<div class=\"title\">\n\t\t\t\t<h4>Businessplan<\/h4>\n\t\t<div class=\"control\">\n\t\t\t<span class=\"ion-plus\"><\/span>\n\t\t<\/div>\n\t<\/div>\n\n\t<div class=\"content\">\n\t\t<div class=\"wrap\">\n\t\t\t<p>[vc_column_text]Si vous envisagez un nouveau projet, la cr\u00e9ation d&rsquo;une nouvelle entreprise ou le rachat d&rsquo;un concurrent, nous vous aiderons \u00e0 \u00e9laborer des &lt;&lt;business plans&gt;&gt; qui vous permettront de planifier en d\u00e9tail votre futur projet et de convaincre vos partenaires financiers de soutenir et de financer vos projets prometteurs.[\/vc_column_text]<\/p>\n\t\t<\/div>\n\t<\/div>\n\n<\/div><div id=\"1580652198862-dd8ccbe2-fcb1\" class=\"item\">\n\t\n\t<div class=\"title\">\n\t\t\t\t<h4>Services informatiques<\/h4>\n\t\t<div class=\"control\">\n\t\t\t<span class=\"ion-plus\"><\/span>\n\t\t<\/div>\n\t<\/div>\n\n\t<div class=\"content\">\n\t\t<div class=\"wrap\">\n\t\t\t<p>[vc_column_text]Vous pouvez b\u00e9n\u00e9ficier d&rsquo;une coop\u00e9ration \u00e9troite avec notre d\u00e9partement informatique qui peut vous fournir des solutions technologiques afin de r\u00e9aliser les strat\u00e9gies d\u00e9velopp\u00e9es conjointement.[\/vc_column_text]<\/p>\n\t\t<\/div>\n\t<\/div>\n\n<\/div><div id=\"1580652218155-9067c02f-5435\" class=\"item\">\n\t\n\t<div class=\"title\">\n\t\t\t\t<h4>Institut national pour le d\u00e9veloppement de la formation professionnelle continue (INFPC)<\/h4>\n\t\t<div class=\"control\">\n\t\t\t<span class=\"ion-plus\"><\/span>\n\t\t<\/div>\n\t<\/div>\n\n\t<div class=\"content\">\n\t\t<div class=\"wrap\">\n\t\t\t<p>[vc_column_text]Nous fournissons une assistance aux entreprises pour la soumission de demandes de cofinancement de formation \u00e0 l<em>&lsquo;Institut national pour le d\u00e9veloppement de la formation professionnelle continue<\/em><\/p>\n<p><a href=\"http:\/\/www.infpc.lu\/INFPC\/Article\/Accueil\/fr\"><em>http:\/\/www.infpc.lu\/INFPC\/Article\/Accueil\/fr<\/em><\/a>[\/vc_column_text]<\/p>\n\t\t<\/div>\n\t<\/div>\n\n<\/div>\t\n<\/div>[\/vc_column][\/vc_row][\/vc_section][vc_section full_width=\u00a0\u00bbstretch_row\u00a0\u00bb content_placement=\u00a0\u00bbtop\u00a0\u00bb css_animation=\u00a0\u00bbfadeInUp\u00a0\u00bb css=\u00a0\u00bb.vc_custom_1580649579734{padding-bottom: 0px !important;background-color: #000000 !important;}\u00a0\u00bb][vc_row equal_height=\u00a0\u00bbyes\u00a0\u00bb content_placement=\u00a0\u00bbmiddle\u00a0\u00bb side_background_title_color=\u00a0\u00bb#000000&Prime; css=\u00a0\u00bb.vc_custom_1579688326937{padding-top: 0px !important;padding-bottom: 35px !important;}\u00a0\u00bb][vc_column width=\u00a0\u00bb1\/2&Prime;]<div class=\"norebro-text-sc \" \n\tid=\"norebro-custom-69d28c8d1bd57\" \n\t \n\t>\n\n\t<h3><strong>Vous souhaitez obtenir plus d&rsquo;informations?<\/strong><\/h3>\n<p>Nous sommes \u00e0 votre disposition pour apporter des pr\u00e9cisions.<\/p>\n\t\n<\/div>[\/vc_column][vc_column width=\u00a0\u00bb1\/6&Prime;][\/vc_column][vc_column width=\u00a0\u00bb1\/6&Prime;]<div class=\"norebro-button-sc btn-wrap text-center\" \n\tid=\"norebro-custom-69d28c8d1be1c\"\n\t \n\t>\n\n\t<a href=\"mailto:info@mgifisogest.lu\" target=\"_blank\" \n\t\tclass=\"btn  btn-outline\">\n\n\t\t\n\t\t<span class=\"text\">\n\t\t\tEmail us!\t\t<\/span>\n\n\t\t\t\t\t<span class=\"icon ion-android-arrow-forward\"><\/span>\n\t\t\n\t\t\t<\/a>\n\n<\/div>[\/vc_column][vc_column width=\u00a0\u00bb1\/6&Prime;]<div class=\"norebro-button-sc btn-wrap text-center\" \n\tid=\"norebro-custom-69d28c8d1bfcd\"\n\t \n\t>\n\n\t<a href=\"https:\/\/www.mgifisogest.lu\/FR\/contact\/\" \n\t\tclass=\"btn  btn-outline\">\n\n\t\t\n\t\t<span class=\"text\">\n\t\t\tCall us!\t\t<\/span>\n\n\t\t\t\t\t<span class=\"icon ion-android-arrow-forward\"><\/span>\n\t\t\n\t\t\t<\/a>\n\n<\/div>[\/vc_column][\/vc_row][\/vc_section][vc_section full_width=\u00a0\u00bbstretch_row\u00a0\u00bb content_placement=\u00a0\u00bbtop\u00a0\u00bb css=\u00a0\u00bb.vc_custom_1579708154807{margin-top: -35px !important;margin-right: 30px !important;margin-bottom: -35px !important;margin-left: 30px !important;padding-bottom: 50px !important;background-image: url(https:\/\/www.mgifisogest.lu\/FR\/wp-content\/uploads\/2020\/01\/background_2.png?id=5671309) !important;background-position: center !important;background-repeat: no-repeat !important;background-size: cover !important;}\u00a0\u00bb][vc_row equal_height=\u00a0\u00bbyes\u00a0\u00bb css_animation=\u00a0\u00bbfadeInUp\u00a0\u00bb css=\u00a0\u00bb.vc_custom_1580649609388{padding-top: 0px !important;}\u00a0\u00bb][vc_column width=\u00a0\u00bb1\/4&Prime;][vc_column_text]\n<h3>Services informatiques<\/h3>\n[\/vc_column_text][\/vc_column][vc_column width=\u00a0\u00bb3\/4&Prime; css=\u00a0\u00bb.vc_custom_1579682568143{padding-top: 27px !important;}\u00a0\u00bb]<div class=\"norebro-accordion-s\u0441 accordion-box  outline\" \n\tid=\"norebro-custom-69d28c8d1c029\"\n\tdata-norebro-accordion=\"0\"\n\t \n\t>\n\n\t<div id=\"1579685939642-2d964085-dcbe\" class=\"item\">\n\t\n\t<div class=\"title\">\n\t\t\t\t<h4>FisoConnect<\/h4>\n\t\t<div class=\"control\">\n\t\t\t<span class=\"ion-plus\"><\/span>\n\t\t<\/div>\n\t<\/div>\n\n\t<div class=\"content\">\n\t\t<div class=\"wrap\">\n\t\t\t<p>[vc_column_text]<\/p>\n<ul>\n<li>Facilitez la gestion de votre comptabilit\u00e9 et de vos finances en t\u00e9l\u00e9chargeant vos documents dans FisoConnect.<\/li>\n<li>Suivez vos ventes, vos d\u00e9penses et vos b\u00e9n\u00e9fices et analysez rapidement les performances de votre entreprise.<\/li>\n<\/ul>\n<p>[\/vc_column_text]<\/p>\n\t\t<\/div>\n\t<\/div>\n\n<\/div><div id=\"1579685939643-ee831bf6-383e\" class=\"item\">\n\t\n\t<div class=\"title\">\n\t\t\t\t<h4>FisoDrive<\/h4>\n\t\t<div class=\"control\">\n\t\t\t<span class=\"ion-plus\"><\/span>\n\t\t<\/div>\n\t<\/div>\n\n\t<div class=\"content\">\n\t\t<div class=\"wrap\">\n\t\t\t<p>[vc_column_text]Profitez de FisoDrive pour t\u00e9l\u00e9charger vos documents afin que notre personnel puisse acc\u00e9der directement \u00e0 vos papiers et traiter vos demandes le plus rapidement possible en se connectant \u00e0 nous via le cloud.<\/p>\n<p>Vous n&rsquo;avez plus \u00e0 vous soucier des pannes d&rsquo;\u00e9quipement ou de la perte de vos fichiers, car ils sont stock\u00e9s dans le nuage et vous pouvez y acc\u00e9der \u00e0 tout moment et en tout lieu.[\/vc_column_text]<\/p>\n\t\t<\/div>\n\t<\/div>\n\n<\/div><div id=\"1580652989179-bd7839c8-ee6f\" class=\"item\">\n\t\n\t<div class=\"title\">\n\t\t\t\t<h4>FisoBoard<\/h4>\n\t\t<div class=\"control\">\n\t\t\t<span class=\"ion-plus\"><\/span>\n\t\t<\/div>\n\t<\/div>\n\n\t<div class=\"content\">\n\t\t<div class=\"wrap\">\n\t\t\t<p>[vc_column_text]Vos indicateurs cl\u00e9s de performance sur une seule page.<\/p>\n<p>Rassemblez vos indicateurs cl\u00e9s de performance sur une seule page (tels que le chiffre d&rsquo;affaires, la marge brute, les frais de personnel, les frais g\u00e9n\u00e9raux, l&rsquo;EBITDA, l&rsquo;EBIT, le revenu net et le cash flow) pour les 5 derni\u00e8res ann\u00e9es.[\/vc_column_text]<\/p>\n\t\t<\/div>\n\t<\/div>\n\n<\/div><div id=\"1580653008563-a8f84a4f-b566\" class=\"item\">\n\t\n\t<div class=\"title\">\n\t\t\t\t<h4>FisoAnalytics<\/h4>\n\t\t<div class=\"control\">\n\t\t\t<span class=\"ion-plus\"><\/span>\n\t\t<\/div>\n\t<\/div>\n\n\t<div class=\"content\">\n\t\t<div class=\"wrap\">\n\t\t\t<p>[vc_column_text]<em>Comment votre entreprise a-t-elle \u00e9volu\u00e9 au cours des 5 derni\u00e8res ann\u00e9es ? Quels sont les co\u00fbts qui p\u00e8sent le plus sur votre entreprise ? Quels sont les clients qui apportent le plus de chiffre d&rsquo;affaires \u00e0 votre entreprise ? Quels sont les clients qui ont le plus de factures \u00e0 payer ?<\/em><\/p>\n<p>FisoAnalytics peut r\u00e9pondre \u00e0 toutes ces questions et \u00e0 bien d&rsquo;autres encore en vous donnant un aper\u00e7u pr\u00e9cis de votre comptabilit\u00e9 et en vous permettant ainsi de prendre les meilleures d\u00e9cisions n\u00e9cessaires pour votre entreprise.<\/p>\n<p>Cela vous permet de visualiser et d&rsquo;analyser les performances des diff\u00e9rentes branches, mais aussi celles de l&rsquo;entreprise dans son ensemble, au cours des derni\u00e8res ann\u00e9es et donc de prendre les bonnes d\u00e9cisions pour votre entreprise.[\/vc_column_text]<\/p>\n\t\t<\/div>\n\t<\/div>\n\n<\/div><div id=\"1580653037505-94d831b6-6c4a\" class=\"item\">\n\t\n\t<div class=\"title\">\n\t\t\t\t<h4>FisoSupport<\/h4>\n\t\t<div class=\"control\">\n\t\t\t<span class=\"ion-plus\"><\/span>\n\t\t<\/div>\n\t<\/div>\n\n\t<div class=\"content\">\n\t\t<div class=\"wrap\">\n\t\t\t<p>[vc_column_text]Augmentez la rentabilit\u00e9 de votre entreprise en optimisant vos processus commerciaux gr\u00e2ce \u00e0 notre support informatique.<\/p>\n<p>Notre \u00e9quipe informatique vous offre la possibilit\u00e9 de d\u00e9velopper ou d&rsquo;\u00e9diter des programmes qui peuvent \u00eatre adapt\u00e9s aux besoins individuels de votre entreprise.[\/vc_column_text]<\/p>\n\t\t<\/div>\n\t<\/div>\n\n<\/div>\t\n<\/div>[\/vc_column][\/vc_row][\/vc_section][vc_section full_width=\u00a0\u00bbstretch_row\u00a0\u00bb content_placement=\u00a0\u00bbmiddle\u00a0\u00bb css=\u00a0\u00bb.vc_custom_1580647869684{margin-bottom: -50px !important;border-bottom-width: 0px !important;padding-top: 0px !important;background-color: #000000 !important;}\u00a0\u00bb][vc_row equal_height=\u00a0\u00bbyes\u00a0\u00bb content_placement=\u00a0\u00bbmiddle\u00a0\u00bb side_background_title_color=\u00a0\u00bb#000000&Prime; css=\u00a0\u00bb.vc_custom_1579701107035{padding-top: 35px !important;padding-bottom: 35px !important;}\u00a0\u00bb][vc_column width=\u00a0\u00bb1\/6&Prime;]<div class=\"norebro-client-logo-sc clients-logo text-center default\"\n\tid=\"norebro-custom-69d28c8d1c5c2\"\n\t\t>\n\n\t\t\t<a href=\"https:\/\/www.mgifisogest.lu\/FR\/insurance\/\">\n\t\n\t\t\t\t\t<div class=\"first-image\">\n\t\t\t\t<img decoding=\"async\" src=\"https:\/\/www.mgifisogest.lu\/FR\/wp-content\/uploads\/2020\/02\/2151a4.png\" alt=\"\">\n\t\t\t<\/div>\n\t\t\t<div class=\"second-image\">\n\t\t\t\t<img decoding=\"async\" src=\"https:\/\/www.mgifisogest.lu\/FR\/wp-content\/uploads\/2020\/02\/2151a4.png\" alt=\"\">\n\t\t\t<\/div>\n\t\t\n\t\t\n\t\t\t<\/a>\n\t\n<\/div>\n<div class=\"norebro-text-sc \" \n\tid=\"norebro-custom-69d28c8d1c760\" \n\t \n\t>\n\n\t<p style=\"text-align: center;\"><span style=\"color: #ffffff;\"><strong>Insurances<\/strong><\/span><\/p>\n\t\n<\/div>[\/vc_column][vc_column width=\u00a0\u00bb1\/6&Prime;]<div class=\"norebro-client-logo-sc clients-logo text-center default\"\n\tid=\"norebro-custom-69d28c8d1cab6\"\n\t\t>\n\n\t\t\t<a href=\"https:\/\/www.mgifisogest.lu\/FR\/mgiworldwide\/\">\n\t\n\t\t\t\t\t<div class=\"first-image\">\n\t\t\t\t<img decoding=\"async\" src=\"https:\/\/www.mgifisogest.lu\/FR\/wp-content\/uploads\/2020\/02\/mgi_wordlwide.png\" alt=\"\">\n\t\t\t<\/div>\n\t\t\t<div class=\"second-image\">\n\t\t\t\t<img decoding=\"async\" src=\"https:\/\/www.mgifisogest.lu\/FR\/wp-content\/uploads\/2020\/02\/mgi_wordlwide.png\" alt=\"\">\n\t\t\t<\/div>\n\t\t\n\t\t\n\t\t\t<\/a>\n\t\n<\/div>\n<div class=\"norebro-text-sc \" \n\tid=\"norebro-custom-69d28c8d1cb32\" \n\t \n\t>\n\n\t<p style=\"text-align: center;\"><span style=\"color: #ffffff;\"><strong>MGI Worldwide<\/strong><\/span><\/p>\n\t\n<\/div>[\/vc_column][vc_column width=\u00a0\u00bb1\/6&Prime;]<div class=\"norebro-client-logo-sc clients-logo text-center default\"\n\tid=\"norebro-custom-69d28c8d1ce51\"\n\t\t>\n\n\t\t\t<a href=\"https:\/\/www.mgifisogest.lu\/FR\/accounting-tax\/\">\n\t\n\t\t\t\t\t<div class=\"first-image\">\n\t\t\t\t<img decoding=\"async\" src=\"https:\/\/www.mgifisogest.lu\/FR\/wp-content\/uploads\/2020\/01\/icon_accounting-1.png\" alt=\"\">\n\t\t\t<\/div>\n\t\t\t<div class=\"second-image\">\n\t\t\t\t<img decoding=\"async\" src=\"https:\/\/www.mgifisogest.lu\/FR\/wp-content\/uploads\/2020\/01\/icon_accounting-1.png\" alt=\"\">\n\t\t\t<\/div>\n\t\t\n\t\t\n\t\t\t<\/a>\n\t\n<\/div>\n<div class=\"norebro-text-sc \" \n\tid=\"norebro-custom-69d28c8d1cec5\" \n\t \n\t>\n\n\t<p style=\"text-align: center;\"><span style=\"color: #ffffff;\"><strong>Accounting\u00a0<\/strong><\/span><\/p>\n\t\n<\/div>[\/vc_column][vc_column width=\u00a0\u00bb1\/6&Prime;]<div class=\"norebro-client-logo-sc clients-logo text-center default\"\n\tid=\"norebro-custom-69d28c8d1d1c0\"\n\t\t>\n\n\t\t\t<a href=\"https:\/\/www.mgifisogest.lu\/FR\/accounting-tax\/\">\n\t\n\t\t\t\t\t<div class=\"first-image\">\n\t\t\t\t<img decoding=\"async\" src=\"https:\/\/www.mgifisogest.lu\/FR\/wp-content\/uploads\/2020\/01\/test6.png\" alt=\"\">\n\t\t\t<\/div>\n\t\t\t<div class=\"second-image\">\n\t\t\t\t<img decoding=\"async\" src=\"https:\/\/www.mgifisogest.lu\/FR\/wp-content\/uploads\/2020\/01\/test6.png\" alt=\"\">\n\t\t\t<\/div>\n\t\t\n\t\t\n\t\t\t<\/a>\n\t\n<\/div>\n<div class=\"norebro-text-sc \" \n\tid=\"norebro-custom-69d28c8d1d22e\" \n\t \n\t>\n\n\t<p style=\"text-align: center;\"><span style=\"color: #ffffff;\"><strong>Tax Services<\/strong><\/span><\/p>\n\t\n<\/div>[\/vc_column][vc_column width=\u00a0\u00bb1\/6&Prime;]<div class=\"norebro-client-logo-sc clients-logo text-center default\"\n\tid=\"norebro-custom-69d28c8d1d52b\"\n\t\t>\n\n\t\t\t<a href=\"https:\/\/www.mgifisogest.lu\/FR\/payroll\/\">\n\t\n\t\t\t\t\t<div class=\"first-image\">\n\t\t\t\t<img decoding=\"async\" src=\"https:\/\/www.mgifisogest.lu\/FR\/wp-content\/uploads\/2020\/01\/icon_payroll.png\" alt=\"\">\n\t\t\t<\/div>\n\t\t\t<div class=\"second-image\">\n\t\t\t\t<img decoding=\"async\" src=\"https:\/\/www.mgifisogest.lu\/FR\/wp-content\/uploads\/2020\/01\/icon_payroll.png\" alt=\"\">\n\t\t\t<\/div>\n\t\t\n\t\t\n\t\t\t<\/a>\n\t\n<\/div>\n<div class=\"norebro-text-sc \" \n\tid=\"norebro-custom-69d28c8d1d596\" \n\t \n\t>\n\n\t<p style=\"text-align: center;\"><span style=\"color: #ffffff;\"><strong>Payroll<\/strong><\/span><\/p>\n\t\n<\/div>[\/vc_column][vc_column width=\u00a0\u00bb1\/6&Prime;]<div class=\"norebro-client-logo-sc clients-logo text-center default\"\n\tid=\"norebro-custom-69d28c8d1d87d\"\n\t\t>\n\n\t\t\t<a href=\"https:\/\/www.mgifisogest.lu\/FR\/corporate\/\">\n\t\n\t\t\t\t\t<div class=\"first-image\">\n\t\t\t\t<img decoding=\"async\" src=\"https:\/\/www.mgifisogest.lu\/FR\/wp-content\/uploads\/2020\/02\/corporate_services.png\" alt=\"\">\n\t\t\t<\/div>\n\t\t\t<div class=\"second-image\">\n\t\t\t\t<img decoding=\"async\" src=\"https:\/\/www.mgifisogest.lu\/FR\/wp-content\/uploads\/2020\/02\/corporate_services.png\" alt=\"\">\n\t\t\t<\/div>\n\t\t\n\t\t\n\t\t\t<\/a>\n\t\n<\/div>\n<div class=\"norebro-text-sc \" \n\tid=\"norebro-custom-69d28c8d1d8ea\" \n\t \n\t>\n\n\t<p style=\"text-align: center;\"><span style=\"color: #ffffff;\"><strong>Corporate Services<\/strong><\/span><\/p>\n\t\n<\/div>[\/vc_column][\/vc_row][\/vc_section]\n","protected":false},"excerpt":{"rendered":"<p>[vc_section full_width=\u00a0\u00bbstretch_row\u00a0\u00bb content_placement=\u00a0\u00bbtop\u00a0\u00bb css=\u00a0\u00bb.vc_custom_1580644465508{margin-top: -33px !important;margin-right: 30px !important;margin-bottom: -35px !important;margin-left: 30px !important;padding-bottom: 50px !important;background-image:&#8230;<\/p>\n","protected":false},"author":1,"featured_media":0,"parent":5671895,"menu_order":4,"comment_status":"closed","ping_status":"closed","template":"","meta":{"footnotes":""},"class_list":["post-5671662","page","type-page","status-publish","hentry"],"_links":{"self":[{"href":"https:\/\/www.mgifisogest.lu\/FR\/wp-json\/wp\/v2\/pages\/5671662","targetHints":{"allow":["GET"]}}],"collection":[{"href":"https:\/\/www.mgifisogest.lu\/FR\/wp-json\/wp\/v2\/pages"}],"about":[{"href":"https:\/\/www.mgifisogest.lu\/FR\/wp-json\/wp\/v2\/types\/page"}],"author":[{"embeddable":true,"href":"https:\/\/www.mgifisogest.lu\/FR\/wp-json\/wp\/v2\/users\/1"}],"replies":[{"embeddable":true,"href":"https:\/\/www.mgifisogest.lu\/FR\/wp-json\/wp\/v2\/comments?post=5671662"}],"version-history":[{"count":26,"href":"https:\/\/www.mgifisogest.lu\/FR\/wp-json\/wp\/v2\/pages\/5671662\/revisions"}],"predecessor-version":[{"id":5671972,"href":"https:\/\/www.mgifisogest.lu\/FR\/wp-json\/wp\/v2\/pages\/5671662\/revisions\/5671972"}],"up":[{"embeddable":true,"href":"https:\/\/www.mgifisogest.lu\/FR\/wp-json\/wp\/v2\/pages\/5671895"}],"wp:attachment":[{"href":"https:\/\/www.mgifisogest.lu\/FR\/wp-json\/wp\/v2\/media?parent=5671662"}],"curies":[{"name":"wp","href":"https:\/\/api.w.org\/{rel}","templated":true}]}}