{"id":5671672,"date":"2020-02-02T15:12:09","date_gmt":"2020-02-02T15:12:09","guid":{"rendered":"https:\/\/www.mgifisogest.lu\/FR\/?page_id=5671672"},"modified":"2021-03-23T12:51:04","modified_gmt":"2021-03-23T12:51:04","slug":"insurance","status":"publish","type":"page","link":"https:\/\/www.mgifisogest.lu\/FR\/services\/insurance\/","title":{"rendered":"ASSURANCE"},"content":{"rendered":"[vc_section full_width=\u00a0\u00bbstretch_row\u00a0\u00bb content_placement=\u00a0\u00bbtop\u00a0\u00bb css=\u00a0\u00bb.vc_custom_1580644465508{margin-top: -33px !important;margin-right: 30px !important;margin-bottom: -35px !important;margin-left: 30px !important;padding-bottom: 50px !important;background-image: url(https:\/\/www.mgifisogest.lu\/FR\/wp-content\/uploads\/2020\/02\/background_6.png?id=5671639) !important;background-position: center !important;background-repeat: no-repeat !important;background-size: cover !important;}\u00a0\u00bb][vc_row equal_height=\u00a0\u00bbyes\u00a0\u00bb css_animation=\u00a0\u00bbfadeInUp\u00a0\u00bb css=\u00a0\u00bb.vc_custom_1580649595351{padding-top: 0px !important;}\u00a0\u00bb][vc_column width=\u00a0\u00bb1\/4&Prime;][vc_column_text]\n<h3>Assurances<\/h3>\n[\/vc_column_text][\/vc_column][vc_column width=\u00a0\u00bb3\/4&Prime; css=\u00a0\u00bb.vc_custom_1579682568143{padding-top: 27px !important;}\u00a0\u00bb]<div class=\"norebro-text-sc \" \n\tid=\"norebro-custom-69d4c697f3966\" \n\t \n\t>\n\n\t<p><strong>HABA Assurances S.\u00e0 r.l.<\/strong>, l&rsquo;agence d&rsquo;assurance <strong>agr\u00e9\u00e9e par LALUX<\/strong>, est notre partenaire direct pour tous les projets d&rsquo;assurance. Cette \u00e9quipe sp\u00e9cialis\u00e9e s&rsquo;occupe de toutes les assurances dont vous avez besoin, que vous soyez un <strong>professionnel<\/strong> ou un <strong>particulier<\/strong>.<\/p>\n<p>Toute entreprise a besoin d&rsquo;une assurance, que ce soit pour <strong>couvrir les risques commerciaux, la protection incendie des bureaux, l&rsquo;assurance des v\u00e9hicules de transport, des machines<\/strong> ou simplement pour offrir une <strong>assurance sant\u00e9\/pensio<\/strong>n en prime \u00e0 son personnel. L&rsquo;assurance est omnipr\u00e9sente, importante et indispensable.<\/p>\n<p><strong>Lalux<\/strong> (anciennement connue sous le nom de La Luxembourgeoise) existe depuis 1920 et est la toute premi\u00e8re compagnie d&rsquo;assurance luxembourgeoise active au Grand-Duch\u00e9. C&rsquo;est avec fiert\u00e9 que nous pouvons dire que Lalux est aujourd&rsquo;hui l&rsquo;une des compagnies d&rsquo;assurance les plus importantes, les plus fiables et les plus s\u00e9rieuses de notre pays.<\/p>\n<p><strong>HABA Assurances vous offre :<\/strong><\/p>\n<ul>\n<li>De regrouper tous vos contrats d&rsquo;assurance en un seul contrat<\/li>\n<li>Une \u00e9valuation de vos avantages financiers lors de la consolidation<\/li>\n<li>Des conseils professionnels pour optimiser votre situation en mati\u00e8re fiscale et assurance<\/li>\n<li>Un conseil professionnel pour tous les placements d&rsquo;\u00e9pargne et d&rsquo;assurance<\/li>\n<\/ul>\n\t\n<\/div>[vc_row_inner][vc_column_inner width=\u00a0\u00bb1\/5&Prime;][vc_empty_space height=\u00a0\u00bb20px\u00a0\u00bb][vc_single_image image=\u00a0\u00bb5671769&Prime; img_size=\u00a0\u00bbmedium\u00a0\u00bb][\/vc_column_inner][vc_column_inner width=\u00a0\u00bb1\/5&Prime;][\/vc_column_inner][vc_column_inner width=\u00a0\u00bb1\/5&Prime;][\/vc_column_inner][vc_column_inner width=\u00a0\u00bb1\/5&Prime;][\/vc_column_inner][vc_column_inner width=\u00a0\u00bb1\/5&Prime;][\/vc_column_inner][\/vc_row_inner][\/vc_column][\/vc_row][vc_row][\/vc_row][\/vc_section][vc_section full_width=\u00a0\u00bbstretch_row\u00a0\u00bb content_placement=\u00a0\u00bbtop\u00a0\u00bb css_animation=\u00a0\u00bbfadeInUp\u00a0\u00bb css=\u00a0\u00bb.vc_custom_1580649579734{padding-bottom: 0px !important;background-color: #000000 !important;}\u00a0\u00bb][vc_row equal_height=\u00a0\u00bbyes\u00a0\u00bb content_placement=\u00a0\u00bbmiddle\u00a0\u00bb side_background_title_color=\u00a0\u00bb#000000&Prime; css=\u00a0\u00bb.vc_custom_1579688326937{padding-top: 0px !important;padding-bottom: 35px !important;}\u00a0\u00bb][vc_column width=\u00a0\u00bb1\/2&Prime;]<div class=\"norebro-text-sc \" \n\tid=\"norebro-custom-69d4c697f3b52\" \n\t \n\t>\n\n\t<h3><strong>Vous souhaitez obtenir plus d&rsquo;informations?<\/strong><\/h3>\n<p>Nous sommes \u00e0 votre disposition pour apporter des pr\u00e9cisions.<\/p>\n\t\n<\/div>[\/vc_column][vc_column width=\u00a0\u00bb1\/6&Prime;][\/vc_column][vc_column width=\u00a0\u00bb1\/6&Prime;]<div class=\"norebro-button-sc btn-wrap text-center\" \n\tid=\"norebro-custom-69d4c697f3c72\"\n\t \n\t>\n\n\t<a href=\"mailto:contact@mgifisogest.lu\" target=\"_blank\" \n\t\tclass=\"btn  btn-outline\">\n\n\t\t\n\t\t<span class=\"text\">\n\t\t\tEmail us!\t\t<\/span>\n\n\t\t\t\t\t<span class=\"icon ion-android-arrow-forward\"><\/span>\n\t\t\n\t\t\t<\/a>\n\n<\/div>[\/vc_column][vc_column width=\u00a0\u00bb1\/6&Prime;]<div class=\"norebro-button-sc btn-wrap text-center\" \n\tid=\"norebro-custom-69d4c697f3e4e\"\n\t \n\t>\n\n\t<a href=\"https:\/\/www.mgifisogest.lu\/FR\/contact\/\" \n\t\tclass=\"btn  btn-outline\">\n\n\t\t\n\t\t<span class=\"text\">\n\t\t\tCall us!\t\t<\/span>\n\n\t\t\t\t\t<span class=\"icon ion-android-arrow-forward\"><\/span>\n\t\t\n\t\t\t<\/a>\n\n<\/div>[\/vc_column][\/vc_row][vc_row][\/vc_row][vc_row][vc_column][vc_column_text][\/vc_column_text][\/vc_column][\/vc_row][\/vc_section][vc_section full_width=\u00a0\u00bbstretch_row\u00a0\u00bb content_placement=\u00a0\u00bbtop\u00a0\u00bb css=\u00a0\u00bb.vc_custom_1579708154807{margin-top: -35px !important;margin-right: 30px !important;margin-bottom: -35px !important;margin-left: 30px !important;padding-bottom: 50px !important;background-image: url(https:\/\/www.mgifisogest.lu\/FR\/wp-content\/uploads\/2020\/01\/background_2.png?id=5671309) !important;background-position: center !important;background-repeat: no-repeat !important;background-size: cover !important;}\u00a0\u00bb][vc_row equal_height=\u00a0\u00bbyes\u00a0\u00bb css_animation=\u00a0\u00bbfadeInUp\u00a0\u00bb css=\u00a0\u00bb.vc_custom_1580649609388{padding-top: 0px !important;}\u00a0\u00bb][vc_column width=\u00a0\u00bb1\/4&Prime;][vc_column_text]\n<h3>Clients\u00a0 \u00a0 \u00a0 particuliers<\/h3>\n[\/vc_column_text][\/vc_column][vc_column width=\u00a0\u00bb3\/4&Prime; css=\u00a0\u00bb.vc_custom_1579682568143{padding-top: 27px !important;}\u00a0\u00bb]<div class=\"norebro-accordion-s\u0441 accordion-box  outline\" \n\tid=\"norebro-custom-69d4c697f3ed9\"\n\tdata-norebro-accordion=\"0\"\n\t \n\t>\n\n\t<div id=\"1580656010929-79bfc468-092c\" class=\"item\">\n\t\n\t<div class=\"title\">\n\t\t\t\t<h4>EasyProtect Pro<\/h4>\n\t\t<div class=\"control\">\n\t\t\t<span class=\"ion-plus\"><\/span>\n\t\t<\/div>\n\t<\/div>\n\n\t<div class=\"content\">\n\t\t<div class=\"wrap\">\n\t\t\t<p>[vc_column_text]<strong>Votre assurance de protection compl\u00e8te<\/strong><\/p>\n<p>easyPROTECT regroupe toutes vos principales assurances dans un seul contrat. Vous avez une vue d&rsquo;ensemble claire et pr\u00e9cise de vos couvertures d&rsquo;assurance, que ce soit pour votre habitation, votre responsabilit\u00e9 civile ou vos voitures particuli\u00e8res. easyPROTECT offre \u00e9galement une couverture accident.<\/p>\n<p>En outre, vous b\u00e9n\u00e9ficiez de nombreux avantages et services uniques qui vont au-del\u00e0 de l&rsquo;assurance traditionnelle.[\/vc_column_text]<\/p>\n\t\t<\/div>\n\t<\/div>\n\n<\/div><div id=\"1580656010971-a3bec236-544e\" class=\"item\">\n\t\n\t<div class=\"title\">\n\t\t\t\t<h4>Assurance automobile<\/h4>\n\t\t<div class=\"control\">\n\t\t\t<span class=\"ion-plus\"><\/span>\n\t\t<\/div>\n\t<\/div>\n\n\t<div class=\"content\">\n\t\t<div class=\"wrap\">\n\t\t\t<p>[vc_column_text]Pour en savoir plus :\u00a0<a href=\"https:\/\/www.lalux.lu\/fr\/particuliers\/easyprotect\/\">www.lalux.lu<\/a>[\/vc_column_text]<\/p>\n\t\t<\/div>\n\t<\/div>\n\n<\/div><div id=\"1580656011021-e2d867ee-022c\" class=\"item\">\n\t\n\t<div class=\"title\">\n\t\t\t\t<h4>Assurance habitation<\/h4>\n\t\t<div class=\"control\">\n\t\t\t<span class=\"ion-plus\"><\/span>\n\t\t<\/div>\n\t<\/div>\n\n\t<div class=\"content\">\n\t\t<div class=\"wrap\">\n\t\t\t<p>[vc_column_text]Pour en savoir plus : <a href=\"https:\/\/www.lalux.lu\/fr\/particuliers\/easyprotect\/\">www.lalux.lu<\/a>[\/vc_column_text]<\/p>\n\t\t<\/div>\n\t<\/div>\n\n<\/div><div id=\"1580656011081-b002729d-091c\" class=\"item\">\n\t\n\t<div class=\"title\">\n\t\t\t\t<h4>Autres asurances<\/h4>\n\t\t<div class=\"control\">\n\t\t\t<span class=\"ion-plus\"><\/span>\n\t\t<\/div>\n\t<\/div>\n\n\t<div class=\"content\">\n\t\t<div class=\"wrap\">\n\t\t\t<p>[vc_column_text]<\/p>\n<ul>\n<li>Assurance maladie<\/li>\n<li>Assurance accident<\/li>\n<li>Assurance vie<\/li>\n<li>Assurance pension<\/li>\n<li>Pension compl\u00e9mentaire<\/li>\n<li>Assurance construction<\/li>\n<li>Assurance de voyage<\/li>\n<li>Assurance tous risques<\/li>\n<\/ul>\n<p>Pour en savoir plus : <a href=\"https:\/\/www.lalux.lu\/fr\/particuliers\/easyprotect\/\">www.lalux.lu<\/a>[\/vc_column_text]<\/p>\n\t\t<\/div>\n\t<\/div>\n\n<\/div>\t\n<\/div>[vc_row_inner][vc_column_inner width=\u00a0\u00bb1\/5&Prime;][vc_empty_space height=\u00a0\u00bb20px\u00a0\u00bb][vc_single_image image=\u00a0\u00bb5671769&Prime; img_size=\u00a0\u00bbmedium\u00a0\u00bb][\/vc_column_inner][vc_column_inner width=\u00a0\u00bb1\/5&Prime;][\/vc_column_inner][vc_column_inner width=\u00a0\u00bb1\/5&Prime;][\/vc_column_inner][vc_column_inner width=\u00a0\u00bb1\/5&Prime;][\/vc_column_inner][vc_column_inner width=\u00a0\u00bb1\/5&Prime;][\/vc_column_inner][\/vc_row_inner][vc_empty_space height=\u00a0\u00bb35&Prime;][\/vc_column][\/vc_row][vc_row equal_height=\u00a0\u00bbyes\u00a0\u00bb css_animation=\u00a0\u00bbfadeInUp\u00a0\u00bb css=\u00a0\u00bb.vc_custom_1580649609388{padding-top: 0px !important;}\u00a0\u00bb][vc_column width=\u00a0\u00bb1\/4&Prime;][vc_column_text]\n<h3>Clients professionnels<\/h3>\n[\/vc_column_text][\/vc_column][vc_column width=\u00a0\u00bb3\/4&Prime; css=\u00a0\u00bb.vc_custom_1579682568143{padding-top: 27px !important;}\u00a0\u00bb]<div class=\"norebro-accordion-s\u0441 accordion-box  outline\" \n\tid=\"norebro-custom-69d4c69800269\"\n\tdata-norebro-accordion=\"0\"\n\t \n\t>\n\n\t<div id=\"1579685939642-2d964085-dcbe\" class=\"item\">\n\t\n\t<div class=\"title\">\n\t\t\t\t<h4>EasyProtect Pro<\/h4>\n\t\t<div class=\"control\">\n\t\t\t<span class=\"ion-plus\"><\/span>\n\t\t<\/div>\n\t<\/div>\n\n\t<div class=\"content\">\n\t\t<div class=\"wrap\">\n\t\t\t<p>[vc_column_text]Peu importe que vous dirigiez une grande entreprise ou une PME, un garage de r\u00e9paration automobile, un cabinet m\u00e9dical, un h\u00f4tel familial ou une ferme, nous vous proposons des solutions sur mesure pour r\u00e9pondre \u00e0 vos besoins sp\u00e9cifiques.<\/p>\n<p>easyPROTECT PRO est la solution id\u00e9ale pour votre activit\u00e9 professionnelle ! Vous pouvez regrouper tous vos principaux \u00e9l\u00e9ments d&rsquo;assurance sous le couvert d&rsquo;une seule assurance. Nous vous aidons par des conseils personnalis\u00e9s pour vos diff\u00e9rentes questions en mati\u00e8re d&rsquo;assurance et de pension. Votre entreprise, vos biens et votre personne sont prot\u00e9g\u00e9s contre les dommages et les risques et leurs cons\u00e9quences.<\/p>\n<p>Pour en savoir plus : <a href=\"https:\/\/www.lalux.lu\/fr\/particuliers\/easyprotect\/\">www.lalux.lu<\/a>[\/vc_column_text]<\/p>\n\t\t<\/div>\n\t<\/div>\n\n<\/div><div id=\"1579685939643-ee831bf6-383e\" class=\"item\">\n\t\n\t<div class=\"title\">\n\t\t\t\t<h4>APROBAT<\/h4>\n\t\t<div class=\"control\">\n\t\t\t<span class=\"ion-plus\"><\/span>\n\t\t<\/div>\n\t<\/div>\n\n\t<div class=\"content\">\n\t\t<div class=\"wrap\">\n\t\t\t<p>[vc_column_text]<strong>Assurances construction pour les professionnels de l&rsquo;immobilier<\/strong><\/p>\n<p>Vous pensez \u00e0 une nouvelle construction ? Choisissez une s\u00e9curit\u00e9 optimale pour votre projet de construction pendant la p\u00e9riode de construction et au-del\u00e0.<\/p>\n<ul>\n<li><strong>Assurance \u00ab\u00a0tous risques construction\u00a0\u00bb\u00a0 \u00a0 \u00a0 \u00a0 \u00a0 \u00a0 \u00a0 \u00a0 \u00a0 \u00a0 \u00a0 \u00a0 \u00a0 \u00a0 \u00a0 \u00a0 \u00a0 \u00a0 \u00a0 \u00a0 \u00a0 \u00a0 \u00a0 \u00a0 \u00a0 \u00a0 \u00a0 \u00a0 \u00a0 \u00a0 \u00a0 \u00a0 \u00a0 \u00a0 \u00a0 \u00a0 \u00a0 \u00a0 \u00a0 \u00a0 \u00a0 \u00a0 \u00a0 \u00a0 \u00a0 \u00a0 \u00a0 \u00a0 \u00a0 \u00a0 \u00a0 \u00a0 \u00a0 \u00a0 \u00a0 \u00a0 \u00a0 \u00a0 \u00a0 \u00a0 \u00a0 \u00a0 \u00a0 \u00a0 \u00a0 \u00a0 \u00a0 \u00a0 \u00a0 \u00a0 \u00a0 \u00a0 \u00a0 \u00a0 \u00a0 \u00a0 \u00a0 \u00a0 \u00a0 \u00a0 \u00a0 \u00a0 \u00a0 \u00a0 \u00a0 \u00a0 \u00a0 \u00a0 \u00a0 \u00a0 \u00a0 \u00a0 \u00a0 \u00a0 \u00a0 \u00a0 <\/strong>Cette formule offre \u00e0 toutes les parties int\u00e9ress\u00e9es (ma\u00eetre d&rsquo;ouvrage, entrepreneur, architecte, ing\u00e9nieur, promoteur&#8230;) une protection financi\u00e8re efficace. Elle couvre l&rsquo;ensemble du personnel pr\u00e9sent sur le chantier, c&rsquo;est-\u00e0-dire l&rsquo;entrepreneur et les sous-traitants, les diff\u00e9rents professionnels et le promoteur principal pendant la p\u00e9riode de construction.<\/li>\n<li><strong>Assurance \u00ab\u00a0Responsabilit\u00e9 civile d\u00e9cennale\u00a0\u00bb\u00a0 \u00a0 \u00a0 \u00a0 \u00a0 \u00a0 \u00a0 \u00a0 \u00a0 \u00a0 \u00a0 \u00a0 \u00a0 \u00a0 \u00a0 \u00a0 \u00a0 <\/strong>\u00a0 \u00a0 \u00a0 \u00a0 \u00a0 \u00a0 \u00a0 \u00a0 \u00a0 \u00a0 \u00a0 \u00a0 \u00a0 \u00a0 \u00a0 \u00a0 \u00a0 \u00a0 \u00a0 \u00a0 \u00a0 \u00a0 \u00a0 \u00a0 \u00a0 \u00a0 \u00a0 \u00a0 \u00a0 \u00a0 \u00a0 \u00a0 \u00a0 \u00a0 \u00a0 \u00a0 \u00a0 \u00a0 \u00a0 \u00a0 \u00a0 \u00a0 \u00a0 \u00a0 \u00a0 \u00a0 \u00a0 \u00a0 \u00a0 \u00a0 \u00a0 \u00a0 \u00a0 \u00a0 \u00a0 \u00a0 \u00a0 \u00a0 \u00a0 \u00a0 Les architectes, les promoteurs, les ing\u00e9nieurs, les consultants et les promoteurs sont tous soumis, en vertu du code civil, \u00e0 des garanties biennales et d\u00e9cennales. Mais qui intervient si des probl\u00e8mes surviennent et que la partie responsable ne peut pas remplir ses obligations ou, pire encore, fait faillite ? Notre objectif est de vous fournir une assurance, un soutien et une protection.<\/li>\n<\/ul>\n<p>[\/vc_column_text]<\/p>\n\t\t<\/div>\n\t<\/div>\n\n<\/div><div id=\"1580652989179-bd7839c8-ee6f\" class=\"item\">\n\t\n\t<div class=\"title\">\n\t\t\t\t<h4>R\u00e9gimes de pension compl\u00e9mentaire d'entreprise<\/h4>\n\t\t<div class=\"control\">\n\t\t\t<span class=\"ion-plus\"><\/span>\n\t\t<\/div>\n\t<\/div>\n\n\t<div class=\"content\">\n\t\t<div class=\"wrap\">\n\t\t\t<p>[vc_column_text]<strong>Fid\u00e9lisez et motivez vos employ\u00e9s avec lalux-Staff protect<\/strong><\/p>\n<p>Vous recherchez un r\u00e9gime de pension compl\u00e9mentaire (SPS) performant pour votre personnel ? lalux-Staff Protect est la formule id\u00e9ale de plan de pension professionnel. Nos experts en \u00ab\u00a0Assurance SPS\u00a0\u00bb vous guideront et vous proposeront des solutions sp\u00e9cialement adapt\u00e9es \u00e0 votre entreprise<\/p>\n<p><strong>Les avantages pour votre employ\u00e9 :<\/strong><\/p>\n<ul>\n<li>Une protection suppl\u00e9mentaire en cas de d\u00e9c\u00e8s ou d&rsquo;invalidit\u00e9<\/li>\n<li>Un compl\u00e9ment important sur la retraite<\/li>\n<li>Une alternative int\u00e9ressante \u00e0 une augmentation de salaire<\/li>\n<li>Pas de paiement des primes par les assurances nationales<\/li>\n<li>Des possibilit\u00e9s fiscales int\u00e9ressantes<\/li>\n<li>Possibilit\u00e9 de paiements personnels d\u00e9ductibles d&rsquo;imp\u00f4t<\/li>\n<\/ul>\n<p><strong>Les avantages pour votre entreprise :<\/strong><\/p>\n<ul>\n<li>La s\u00e9curit\u00e9 de la main-d&rsquo;\u0153uvre<\/li>\n<li>Des orientations suppl\u00e9mentaires pour les paiements<\/li>\n<li>Un outil de motivation qui favorise la loyaut\u00e9 du personnel<\/li>\n<li>Un r\u00e9gime fiscal attractif<\/li>\n<li>Un argument fort en faveur du recrutement<\/li>\n<li>Pas de paiement des primes par les assurances nationales<\/li>\n<li>D\u00e9ductible fiscalement<\/li>\n<\/ul>\n<p>[\/vc_column_text]<\/p>\n\t\t<\/div>\n\t<\/div>\n\n<\/div><div id=\"1580653008563-a8f84a4f-b566\" class=\"item\">\n\t\n\t<div class=\"title\">\n\t\t\t\t<h4>R\u00e9gimes de pension compl\u00e9mentaire des travailleurs ind\u00e9pendants<\/h4>\n\t\t<div class=\"control\">\n\t\t\t<span class=\"ion-plus\"><\/span>\n\t\t<\/div>\n\t<\/div>\n\n\t<div class=\"content\">\n\t\t<div class=\"wrap\">\n\t\t\t<p>[vc_column_text]\u00cates-vous ind\u00e9pendant ou travailleur autonome ? Les risques auxquels vous \u00eates confront\u00e9 au quotidien sont divers et nombreux.<\/p>\n<p>Avec lalux &#8211; Safe Future, nous vous proposons une solution d&rsquo;assurance sur mesure qui s\u00e9curise votre avenir et vous permet de b\u00e9n\u00e9ficier des nouveaux avantages fiscaux accord\u00e9s par l&rsquo;extension de la loi sur les r\u00e9gimes compl\u00e9mentaires de pension aux ind\u00e9pendants et aux professions lib\u00e9rales :<\/p>\n<p><strong>Avantages pour les ind\u00e9pendants :<\/strong><\/p>\n<ul>\n<li><strong>Revenu suppl\u00e9mentaire<\/strong> pour votre retraite<\/li>\n<li><strong>Formules personnalis\u00e9es<\/strong> (retraite, risques et options)<\/li>\n<li>Abonnement <strong>100% num\u00e9rique : rapide et simple<\/strong><\/li>\n<li><strong>Prime pay\u00e9e directement <\/strong>par l&rsquo;ind\u00e9pendant<\/li>\n<li>Prime de retraite <strong>d\u00e9ductible fiscalement<\/strong><\/li>\n<li><strong>Prestation nette<\/strong> au Luxembourg<\/li>\n<li>Libre <strong>choix des contributions<\/strong><\/li>\n<li>Libre <strong>choix de la structure d&rsquo;investissement<\/strong><\/li>\n<\/ul>\n<p>[\/vc_column_text]<\/p>\n\t\t<\/div>\n\t<\/div>\n\n<\/div>\t\n<\/div>[vc_row_inner][vc_column_inner width=\u00a0\u00bb1\/5&Prime;][vc_empty_space height=\u00a0\u00bb20px\u00a0\u00bb][vc_single_image image=\u00a0\u00bb5671769&Prime; img_size=\u00a0\u00bbmedium\u00a0\u00bb][\/vc_column_inner][vc_column_inner width=\u00a0\u00bb1\/5&Prime;][\/vc_column_inner][vc_column_inner width=\u00a0\u00bb1\/5&Prime;][\/vc_column_inner][vc_column_inner width=\u00a0\u00bb1\/5&Prime;][\/vc_column_inner][vc_column_inner width=\u00a0\u00bb1\/5&Prime;][\/vc_column_inner][\/vc_row_inner][\/vc_column][\/vc_row][vc_row][\/vc_row][\/vc_section][vc_section full_width=\u00a0\u00bbstretch_row\u00a0\u00bb content_placement=\u00a0\u00bbmiddle\u00a0\u00bb css=\u00a0\u00bb.vc_custom_1580647869684{margin-bottom: -50px !important;border-bottom-width: 0px !important;padding-top: 0px !important;background-color: #000000 !important;}\u00a0\u00bb][vc_row equal_height=\u00a0\u00bbyes\u00a0\u00bb content_placement=\u00a0\u00bbmiddle\u00a0\u00bb side_background_title_color=\u00a0\u00bb#000000&Prime; css=\u00a0\u00bb.vc_custom_1579701107035{padding-top: 35px !important;padding-bottom: 35px !important;}\u00a0\u00bb][vc_column width=\u00a0\u00bb1\/6&Prime;]<div class=\"norebro-client-logo-sc clients-logo text-center default\"\n\tid=\"norebro-custom-69d4c69800c1f\"\n\t\t>\n\n\t\t\t<a href=\"https:\/\/www.mgifisogest.lu\/FR\/accounting-tax\/\">\n\t\n\t\t\t\t\t<div class=\"first-image\">\n\t\t\t\t<img decoding=\"async\" src=\"https:\/\/www.mgifisogest.lu\/FR\/wp-content\/uploads\/2020\/01\/icon_accounting-1.png\" alt=\"\">\n\t\t\t<\/div>\n\t\t\t<div class=\"second-image\">\n\t\t\t\t<img decoding=\"async\" src=\"https:\/\/www.mgifisogest.lu\/FR\/wp-content\/uploads\/2020\/01\/icon_accounting-1.png\" alt=\"\">\n\t\t\t<\/div>\n\t\t\n\t\t\n\t\t\t<\/a>\n\t\n<\/div>\n<div class=\"norebro-text-sc \" \n\tid=\"norebro-custom-69d4c69801161\" \n\t \n\t>\n\n\t<p style=\"text-align: center;\"><span style=\"color: #ffffff;\"><strong>Accounting\u00a0<\/strong><\/span><\/p>\n\t\n<\/div>[\/vc_column][vc_column width=\u00a0\u00bb1\/6&Prime;]<div class=\"norebro-client-logo-sc clients-logo text-center default\"\n\tid=\"norebro-custom-69d4c69801710\"\n\t\t>\n\n\t\t\t<a href=\"https:\/\/www.mgifisogest.lu\/FR\/accounting-tax\/\">\n\t\n\t\t\t\t\t<div class=\"first-image\">\n\t\t\t\t<img decoding=\"async\" src=\"https:\/\/www.mgifisogest.lu\/FR\/wp-content\/uploads\/2020\/01\/test6.png\" alt=\"\">\n\t\t\t<\/div>\n\t\t\t<div class=\"second-image\">\n\t\t\t\t<img decoding=\"async\" src=\"https:\/\/www.mgifisogest.lu\/FR\/wp-content\/uploads\/2020\/01\/test6.png\" alt=\"\">\n\t\t\t<\/div>\n\t\t\n\t\t\n\t\t\t<\/a>\n\t\n<\/div>\n<div class=\"norebro-text-sc \" \n\tid=\"norebro-custom-69d4c698017be\" \n\t \n\t>\n\n\t<p style=\"text-align: center;\"><span style=\"color: #ffffff;\"><strong>Tax Services<\/strong><\/span><\/p>\n\t\n<\/div>[\/vc_column][vc_column width=\u00a0\u00bb1\/6&Prime;]<div class=\"norebro-client-logo-sc clients-logo text-center default\"\n\tid=\"norebro-custom-69d4c69801bc4\"\n\t\t>\n\n\t\t\t<a href=\"https:\/\/www.mgifisogest.lu\/FR\/payroll\/\">\n\t\n\t\t\t\t\t<div class=\"first-image\">\n\t\t\t\t<img decoding=\"async\" src=\"https:\/\/www.mgifisogest.lu\/FR\/wp-content\/uploads\/2020\/01\/icon_payroll.png\" alt=\"\">\n\t\t\t<\/div>\n\t\t\t<div class=\"second-image\">\n\t\t\t\t<img decoding=\"async\" src=\"https:\/\/www.mgifisogest.lu\/FR\/wp-content\/uploads\/2020\/01\/icon_payroll.png\" alt=\"\">\n\t\t\t<\/div>\n\t\t\n\t\t\n\t\t\t<\/a>\n\t\n<\/div>\n<div class=\"norebro-text-sc \" \n\tid=\"norebro-custom-69d4c69801c74\" \n\t \n\t>\n\n\t<p style=\"text-align: center;\"><span style=\"color: #ffffff;\"><strong>Payroll<\/strong><\/span><\/p>\n\t\n<\/div>[\/vc_column][vc_column width=\u00a0\u00bb1\/6&Prime;]<div class=\"norebro-client-logo-sc clients-logo text-center default\"\n\tid=\"norebro-custom-69d4c69802345\"\n\t\t>\n\n\t\t\t<a href=\"https:\/\/www.mgifisogest.lu\/FR\/corporate\/\">\n\t\n\t\t\t\t\t<div class=\"first-image\">\n\t\t\t\t<img decoding=\"async\" src=\"https:\/\/www.mgifisogest.lu\/FR\/wp-content\/uploads\/2020\/02\/corporate_services.png\" alt=\"\">\n\t\t\t<\/div>\n\t\t\t<div class=\"second-image\">\n\t\t\t\t<img decoding=\"async\" src=\"https:\/\/www.mgifisogest.lu\/FR\/wp-content\/uploads\/2020\/02\/corporate_services.png\" alt=\"\">\n\t\t\t<\/div>\n\t\t\n\t\t\n\t\t\t<\/a>\n\t\n<\/div>\n<div class=\"norebro-text-sc \" \n\tid=\"norebro-custom-69d4c698023f0\" \n\t \n\t>\n\n\t<p style=\"text-align: center;\"><span style=\"color: #ffffff;\"><strong>Corporate Services<\/strong><\/span><\/p>\n\t\n<\/div>[\/vc_column][vc_column width=\u00a0\u00bb1\/6&Prime;]<div class=\"norebro-client-logo-sc clients-logo text-center default\"\n\tid=\"norebro-custom-69d4c698027f2\"\n\t\t>\n\n\t\t\t<a href=\"https:\/\/www.mgifisogest.lu\/FR\/consulting-it\/\">\n\t\n\t\t\t\t\t<div class=\"first-image\">\n\t\t\t\t<img decoding=\"async\" src=\"https:\/\/www.mgifisogest.lu\/FR\/wp-content\/uploads\/2020\/01\/icon_consulting.png\" alt=\"\">\n\t\t\t<\/div>\n\t\t\t<div class=\"second-image\">\n\t\t\t\t<img decoding=\"async\" src=\"https:\/\/www.mgifisogest.lu\/FR\/wp-content\/uploads\/2020\/01\/icon_consulting.png\" alt=\"\">\n\t\t\t<\/div>\n\t\t\n\t\t\n\t\t\t<\/a>\n\t\n<\/div>\n<div class=\"norebro-text-sc \" \n\tid=\"norebro-custom-69d4c69802898\" \n\t \n\t>\n\n\t<p style=\"text-align: center;\"><span style=\"color: #ffffff;\"><strong>Consulting<\/strong><\/span><\/p>\n\t\n<\/div>[\/vc_column][vc_column width=\u00a0\u00bb1\/6&Prime;]<div class=\"norebro-client-logo-sc clients-logo text-center default\"\n\tid=\"norebro-custom-69d4c69802c95\"\n\t\t>\n\n\t\t\t<a href=\"https:\/\/www.mgifisogest.lu\/FR\/insurance\/\">\n\t\n\t\t\t\t\t<div class=\"first-image\">\n\t\t\t\t<img decoding=\"async\" src=\"https:\/\/www.mgifisogest.lu\/FR\/wp-content\/uploads\/2020\/02\/2151a4.png\" alt=\"\">\n\t\t\t<\/div>\n\t\t\t<div class=\"second-image\">\n\t\t\t\t<img decoding=\"async\" src=\"https:\/\/www.mgifisogest.lu\/FR\/wp-content\/uploads\/2020\/02\/2151a4.png\" alt=\"\">\n\t\t\t<\/div>\n\t\t\n\t\t\n\t\t\t<\/a>\n\t\n<\/div>\n<div class=\"norebro-text-sc \" \n\tid=\"norebro-custom-69d4c69802d44\" \n\t \n\t>\n\n\t<p style=\"text-align: center;\"><span style=\"color: #ffffff;\"><strong>Insurances<\/strong><\/span><\/p>\n\t\n<\/div>[\/vc_column][\/vc_row][\/vc_section]\n","protected":false},"excerpt":{"rendered":"<p>[vc_section full_width=\u00a0\u00bbstretch_row\u00a0\u00bb content_placement=\u00a0\u00bbtop\u00a0\u00bb css=\u00a0\u00bb.vc_custom_1580644465508{margin-top: -33px !important;margin-right: 30px !important;margin-bottom: -35px !important;margin-left: 30px !important;padding-bottom: 50px !important;background-image:&#8230;<\/p>\n","protected":false},"author":1,"featured_media":0,"parent":5671895,"menu_order":5,"comment_status":"closed","ping_status":"closed","template":"","meta":{"footnotes":""},"class_list":["post-5671672","page","type-page","status-publish","hentry"],"_links":{"self":[{"href":"https:\/\/www.mgifisogest.lu\/FR\/wp-json\/wp\/v2\/pages\/5671672","targetHints":{"allow":["GET"]}}],"collection":[{"href":"https:\/\/www.mgifisogest.lu\/FR\/wp-json\/wp\/v2\/pages"}],"about":[{"href":"https:\/\/www.mgifisogest.lu\/FR\/wp-json\/wp\/v2\/types\/page"}],"author":[{"embeddable":true,"href":"https:\/\/www.mgifisogest.lu\/FR\/wp-json\/wp\/v2\/users\/1"}],"replies":[{"embeddable":true,"href":"https:\/\/www.mgifisogest.lu\/FR\/wp-json\/wp\/v2\/comments?post=5671672"}],"version-history":[{"count":31,"href":"https:\/\/www.mgifisogest.lu\/FR\/wp-json\/wp\/v2\/pages\/5671672\/revisions"}],"predecessor-version":[{"id":5671978,"href":"https:\/\/www.mgifisogest.lu\/FR\/wp-json\/wp\/v2\/pages\/5671672\/revisions\/5671978"}],"up":[{"embeddable":true,"href":"https:\/\/www.mgifisogest.lu\/FR\/wp-json\/wp\/v2\/pages\/5671895"}],"wp:attachment":[{"href":"https:\/\/www.mgifisogest.lu\/FR\/wp-json\/wp\/v2\/media?parent=5671672"}],"curies":[{"name":"wp","href":"https:\/\/api.w.org\/{rel}","templated":true}]}}